{"id":1158,"date":"2023-06-06T19:11:08","date_gmt":"2023-06-06T19:11:08","guid":{"rendered":"https:\/\/vfr1906kaiserslautern.de\/?page_id=1158"},"modified":"2024-10-07T09:29:49","modified_gmt":"2024-10-07T09:29:49","slug":"c-junioren","status":"publish","type":"page","link":"https:\/\/vfr1906kaiserslautern.de\/?page_id=1158","title":{"rendered":"C-Junioren"},"content":{"rendered":"\t\t<div data-elementor-type=\"wp-page\" data-elementor-id=\"1158\" class=\"elementor elementor-1158\">\n\t\t\t\t\t\t<section class=\"elementor-section elementor-top-section elementor-element elementor-element-607b01ce elementor-section-boxed elementor-section-height-default elementor-section-height-default\" data-id=\"607b01ce\" data-element_type=\"section\" data-e-type=\"section\" data-settings=\"{&quot;background_background&quot;:&quot;gradient&quot;}\">\n\t\t\t\t\t\t\t<div class=\"elementor-background-overlay\"><\/div>\n\t\t\t\t\t\t\t<div class=\"elementor-container elementor-column-gap-no\">\n\t\t\t\t\t<div class=\"elementor-column elementor-col-100 elementor-top-column elementor-element elementor-element-4fcd52b7\" data-id=\"4fcd52b7\" data-element_type=\"column\" data-e-type=\"column\">\n\t\t\t<div class=\"elementor-widget-wrap elementor-element-populated\">\n\t\t\t\t\t\t<section class=\"elementor-section elementor-inner-section elementor-element elementor-element-fc4f30a elementor-section-boxed elementor-section-height-default elementor-section-height-default\" data-id=\"fc4f30a\" data-element_type=\"section\" data-e-type=\"section\">\n\t\t\t\t\t\t<div class=\"elementor-container elementor-column-gap-no\">\n\t\t\t\t\t<div class=\"elementor-column elementor-col-100 elementor-inner-column elementor-element elementor-element-2db6a5ee\" data-id=\"2db6a5ee\" data-element_type=\"column\" data-e-type=\"column\">\n\t\t\t<div class=\"elementor-widget-wrap elementor-element-populated\">\n\t\t\t\t\t\t<div class=\"elementor-element elementor-element-3071a768 elementor-invisible elementor-widget elementor-widget-heading\" data-id=\"3071a768\" data-element_type=\"widget\" data-e-type=\"widget\" data-settings=\"{&quot;_animation&quot;:&quot;slideInLeft&quot;,&quot;_animation_delay&quot;:&quot;100&quot;}\" data-widget_type=\"heading.default\">\n\t\t\t\t<div class=\"elementor-widget-container\">\n\t\t\t\t\t<h1 class=\"elementor-heading-title elementor-size-default\">C-Junioren<\/h1>\t\t\t\t<\/div>\n\t\t\t\t<\/div>\n\t\t\t\t<div class=\"elementor-element elementor-element-2242a16 elementor-invisible elementor-widget elementor-widget-heading\" data-id=\"2242a16\" data-element_type=\"widget\" data-e-type=\"widget\" data-settings=\"{&quot;_animation&quot;:&quot;slideInLeft&quot;,&quot;_animation_delay&quot;:&quot;100&quot;}\" data-widget_type=\"heading.default\">\n\t\t\t\t<div class=\"elementor-widget-container\">\n\t\t\t\t\t<h2 class=\"elementor-heading-title elementor-size-default\">2010\/2011<\/h2>\t\t\t\t<\/div>\n\t\t\t\t<\/div>\n\t\t\t\t\t<\/div>\n\t\t<\/div>\n\t\t\t\t\t<\/div>\n\t\t<\/section>\n\t\t\t\t\t<\/div>\n\t\t<\/div>\n\t\t\t\t\t<\/div>\n\t\t<\/section>\n\t\t\t\t<section class=\"elementor-section elementor-top-section elementor-element elementor-element-783b63c7 elementor-section-boxed elementor-section-height-default elementor-section-height-default\" data-id=\"783b63c7\" data-element_type=\"section\" data-e-type=\"section\">\n\t\t\t\t\t\t<div class=\"elementor-container elementor-column-gap-default\">\n\t\t\t\t\t<div class=\"elementor-column elementor-col-100 elementor-top-column elementor-element elementor-element-10537579\" data-id=\"10537579\" data-element_type=\"column\" data-e-type=\"column\">\n\t\t\t<div class=\"elementor-widget-wrap elementor-element-populated\">\n\t\t\t\t\t\t<div class=\"elementor-element elementor-element-3c0dfcee elementor-widget elementor-widget-spacer\" data-id=\"3c0dfcee\" data-element_type=\"widget\" data-e-type=\"widget\" data-widget_type=\"spacer.default\">\n\t\t\t\t<div class=\"elementor-widget-container\">\n\t\t\t\t\t\t\t<div class=\"elementor-spacer\">\n\t\t\t<div class=\"elementor-spacer-inner\"><\/div>\n\t\t<\/div>\n\t\t\t\t\t\t<\/div>\n\t\t\t\t<\/div>\n\t\t\t\t<div class=\"elementor-element elementor-element-ff6a2b8 elementor-widget elementor-widget-image\" data-id=\"ff6a2b8\" data-element_type=\"widget\" data-e-type=\"widget\" data-widget_type=\"image.default\">\n\t\t\t\t<div class=\"elementor-widget-container\">\n\t\t\t\t\t\t\t\t\t\t\t\t\t\t\t<img fetchpriority=\"high\" decoding=\"async\" width=\"2048\" height=\"1312\" src=\"https:\/\/vfr1906kaiserslautern.de\/wp-content\/uploads\/2024\/10\/Mannschaftsfoto-C-Jugend.png\" class=\"attachment-full size-full wp-image-1893\" alt=\"\" srcset=\"https:\/\/vfr1906kaiserslautern.de\/wp-content\/uploads\/2024\/10\/Mannschaftsfoto-C-Jugend.png 2048w, https:\/\/vfr1906kaiserslautern.de\/wp-content\/uploads\/2024\/10\/Mannschaftsfoto-C-Jugend-300x192.png 300w, https:\/\/vfr1906kaiserslautern.de\/wp-content\/uploads\/2024\/10\/Mannschaftsfoto-C-Jugend-1024x656.png 1024w, https:\/\/vfr1906kaiserslautern.de\/wp-content\/uploads\/2024\/10\/Mannschaftsfoto-C-Jugend-768x492.png 768w, https:\/\/vfr1906kaiserslautern.de\/wp-content\/uploads\/2024\/10\/Mannschaftsfoto-C-Jugend-1536x984.png 1536w\" sizes=\"(max-width: 2048px) 100vw, 2048px\" \/>\t\t\t\t\t\t\t\t\t\t\t\t\t\t\t<\/div>\n\t\t\t\t<\/div>\n\t\t\t\t<div class=\"elementor-element elementor-element-4d141cd0 elementor-widget elementor-widget-heading\" data-id=\"4d141cd0\" data-element_type=\"widget\" data-e-type=\"widget\" data-widget_type=\"heading.default\">\n\t\t\t\t<div class=\"elementor-widget-container\">\n\t\t\t\t\t<h2 class=\"elementor-heading-title elementor-size-default\">Trainingszeiten und Spiele<\/h2>\t\t\t\t<\/div>\n\t\t\t\t<\/div>\n\t\t\t\t<div class=\"elementor-element elementor-element-4dde1e89 elementor-widget__width-auto elementor-widget elementor-widget-heading\" data-id=\"4dde1e89\" data-element_type=\"widget\" data-e-type=\"widget\" data-widget_type=\"heading.default\">\n\t\t\t\t<div class=\"elementor-widget-container\">\n\t\t\t\t\t<h6 class=\"elementor-heading-title elementor-size-default\">Trainingszeiten<\/h6>\t\t\t\t<\/div>\n\t\t\t\t<\/div>\n\t\t\t\t<div class=\"elementor-element elementor-element-56b9b6f0 elementor-widget elementor-widget-text-editor\" data-id=\"56b9b6f0\" data-element_type=\"widget\" data-e-type=\"widget\" data-widget_type=\"text-editor.default\">\n\t\t\t\t<div class=\"elementor-widget-container\">\n\t\t\t\t\t\t\t\t\t<p><b>Dienstag 17:00 &#8211; 18:30 Uhr<\/b><\/p><p><b>Donnerstag 17:00 &#8211; 18:30 Uhr<\/b><\/p>\t\t\t\t\t\t\t\t<\/div>\n\t\t\t\t<\/div>\n\t\t\t\t<div class=\"elementor-element elementor-element-1e38bb6e elementor-widget__width-auto elementor-widget elementor-widget-heading\" data-id=\"1e38bb6e\" data-element_type=\"widget\" data-e-type=\"widget\" data-widget_type=\"heading.default\">\n\t\t\t\t<div class=\"elementor-widget-container\">\n\t\t\t\t\t<h6 class=\"elementor-heading-title elementor-size-default\">Spiele und tabelle<\/h6>\t\t\t\t<\/div>\n\t\t\t\t<\/div>\n\t\t\t\t<div class=\"elementor-element elementor-element-1ea2bfb9 elementor-widget elementor-widget-wp-widget-ifdw_fubade_widget\" data-id=\"1ea2bfb9\" data-element_type=\"widget\" data-e-type=\"widget\" data-widget_type=\"wp-widget-ifdw_fubade_widget.default\">\n\t\t\t\t<div class=\"elementor-widget-container\">\n\t\t\t\t\t\n<h5><\/h5>\n<div id=\"fubade-28-MBIO6\" class=\"include-fussball-de-widgets\">\n\t<iframe src='\/\/www.fussball.de\/widget2\/-\/schluessel\/02M2F0SH0C000000VUM1DNORVV6MBIO6\/target\/fubade-28-MBIO6\/caller\/vfr1906kaiserslautern.de' width='900px' height='100%' scrolling='no' style='border: 1px solid #CECECE; overflow: hidden; min-height: 200px;'><\/iframe>\n<\/div>\n\n\t\t\t\t<\/div>\n\t\t\t\t<\/div>\n\t\t\t\t<div class=\"elementor-element elementor-element-5abacd37 elementor-widget elementor-widget-spacer\" data-id=\"5abacd37\" data-element_type=\"widget\" data-e-type=\"widget\" data-widget_type=\"spacer.default\">\n\t\t\t\t<div class=\"elementor-widget-container\">\n\t\t\t\t\t\t\t<div class=\"elementor-spacer\">\n\t\t\t<div class=\"elementor-spacer-inner\"><\/div>\n\t\t<\/div>\n\t\t\t\t\t\t<\/div>\n\t\t\t\t<\/div>\n\t\t\t\t\t<\/div>\n\t\t<\/div>\n\t\t\t\t\t<\/div>\n\t\t<\/section>\n\t\t\t\t<section class=\"elementor-section elementor-top-section elementor-element elementor-element-1560d558 elementor-section-full_width elementor-section-height-min-height elementor-section-height-default elementor-section-items-middle\" data-id=\"1560d558\" data-element_type=\"section\" data-e-type=\"section\" data-settings=\"{&quot;background_background&quot;:&quot;classic&quot;}\">\n\t\t\t\t\t\t<div class=\"elementor-container elementor-column-gap-no\">\n\t\t\t\t\t<div class=\"elementor-column elementor-col-50 elementor-top-column elementor-element elementor-element-bf49bd8\" data-id=\"bf49bd8\" data-element_type=\"column\" data-e-type=\"column\">\n\t\t\t<div class=\"elementor-widget-wrap elementor-element-populated\">\n\t\t\t\t\t\t<section class=\"elementor-section elementor-inner-section elementor-element elementor-element-4af50b31 elementor-section-boxed elementor-section-height-default elementor-section-height-default\" data-id=\"4af50b31\" data-element_type=\"section\" data-e-type=\"section\">\n\t\t\t\t\t\t<div class=\"elementor-container elementor-column-gap-no\">\n\t\t\t\t\t<div class=\"elementor-column elementor-col-100 elementor-inner-column elementor-element elementor-element-129bcc45\" data-id=\"129bcc45\" data-element_type=\"column\" data-e-type=\"column\">\n\t\t\t<div class=\"elementor-widget-wrap elementor-element-populated\">\n\t\t\t\t\t\t<div class=\"elementor-element elementor-element-519bda6 elementor-widget__width-auto elementor-widget elementor-widget-heading\" data-id=\"519bda6\" data-element_type=\"widget\" data-e-type=\"widget\" data-widget_type=\"heading.default\">\n\t\t\t\t<div class=\"elementor-widget-container\">\n\t\t\t\t\t<h6 class=\"elementor-heading-title elementor-size-default\">Bildungspartner des VfR Kaiserslautern<\/h6>\t\t\t\t<\/div>\n\t\t\t\t<\/div>\n\t\t\t\t<div class=\"elementor-element elementor-element-3ee1d772 elementor-widget elementor-widget-heading\" data-id=\"3ee1d772\" data-element_type=\"widget\" data-e-type=\"widget\" data-widget_type=\"heading.default\">\n\t\t\t\t<div class=\"elementor-widget-container\">\n\t\t\t\t\t<h5 class=\"elementor-heading-title elementor-size-default\">Die anerkannte Online-Nachhilfe Bildungseinrichtung Tutorspace<\/h5>\t\t\t\t<\/div>\n\t\t\t\t<\/div>\n\t\t\t\t<div class=\"elementor-element elementor-element-7b5152a9 elementor-widget elementor-widget-text-editor\" data-id=\"7b5152a9\" data-element_type=\"widget\" data-e-type=\"widget\" data-widget_type=\"text-editor.default\">\n\t\t\t\t<div class=\"elementor-widget-container\">\n\t\t\t\t\t\t\t\t\t<p>Liebe Mitglieder, Eltern, Kinder und Jugendliche,<\/p><p>auch wenn ihr beim Fu\u00dfball gar nicht an Schule denken m\u00f6gt, m\u00f6chten wir euch die Gelegenheit geben Online-Nachhilfe mit einem starken und hilfreichen Partner zu erleben.<\/p><p>Von jetzt an k\u00f6nnt ihr euch mit dem Rabatt-Code &#8222;Erbse&#8220; bei Tutorspace anmelden und euch 10% Rabatt sichern.<\/p><p>Tutorspace bietet euch 1 zu 1 Betreuung, ein effektives Matching von Sch\u00fclern mit Nachhilfelehrern, ortsunabh\u00e4ngigen und flexiblen Unterricht in einem virtuellen Klassenzimmer und individuelle Betreuung eurer Familie duch Bildungsberater.<\/p><p>Schaut auf ihrer Webseite vorbei und seht selbst, wie gut sie euch helfend zur Seite stehen k\u00f6nnen.\u00a0<\/p>\t\t\t\t\t\t\t\t<\/div>\n\t\t\t\t<\/div>\n\t\t\t\t<div class=\"elementor-element elementor-element-51a2f480 elementor-mobile-align-justify elementor-widget elementor-widget-button\" data-id=\"51a2f480\" data-element_type=\"widget\" data-e-type=\"widget\" data-widget_type=\"button.default\">\n\t\t\t\t<div class=\"elementor-widget-container\">\n\t\t\t\t\t\t\t\t\t<div class=\"elementor-button-wrapper\">\n\t\t\t\t\t<a class=\"elementor-button elementor-button-link elementor-size-sm\" href=\"https:\/\/probestunde.tutorspace.de\/code-einloesen\/\">\n\t\t\t\t\t\t<span class=\"elementor-button-content-wrapper\">\n\t\t\t\t\t\t<span class=\"elementor-button-icon\">\n\t\t\t\t<i aria-hidden=\"true\" class=\"fas fa-angle-double-right\"><\/i>\t\t\t<\/span>\n\t\t\t\t\t\t\t\t\t<span class=\"elementor-button-text\">Informiere dich jetzt<\/span>\n\t\t\t\t\t<\/span>\n\t\t\t\t\t<\/a>\n\t\t\t\t<\/div>\n\t\t\t\t\t\t\t\t<\/div>\n\t\t\t\t<\/div>\n\t\t\t\t\t<\/div>\n\t\t<\/div>\n\t\t\t\t\t<\/div>\n\t\t<\/section>\n\t\t\t\t\t<\/div>\n\t\t<\/div>\n\t\t\t\t<div class=\"elementor-column elementor-col-50 elementor-top-column elementor-element elementor-element-750d055a\" data-id=\"750d055a\" data-element_type=\"column\" data-e-type=\"column\" data-settings=\"{&quot;background_background&quot;:&quot;gradient&quot;}\">\n\t\t\t<div class=\"elementor-widget-wrap elementor-element-populated\">\n\t\t\t\t\t<div class=\"elementor-background-overlay\"><\/div>\n\t\t\t\t\t\t<section class=\"elementor-section elementor-inner-section elementor-element elementor-element-21e65fef elementor-section-full_width elementor-section-height-min-height elementor-section-height-default\" data-id=\"21e65fef\" data-element_type=\"section\" data-e-type=\"section\">\n\t\t\t\t\t\t<div class=\"elementor-container elementor-column-gap-no\">\n\t\t\t\t\t<div class=\"elementor-column elementor-col-100 elementor-inner-column elementor-element elementor-element-1e56a858\" data-id=\"1e56a858\" data-element_type=\"column\" data-e-type=\"column\">\n\t\t\t<div class=\"elementor-widget-wrap elementor-element-populated\">\n\t\t\t\t\t\t<div class=\"elementor-element elementor-element-262e3be5 elementor-invisible elementor-widget elementor-widget-image\" data-id=\"262e3be5\" data-element_type=\"widget\" data-e-type=\"widget\" data-settings=\"{&quot;_animation&quot;:&quot;fadeInRight&quot;}\" data-widget_type=\"image.default\">\n\t\t\t\t<div class=\"elementor-widget-container\">\n\t\t\t\t\t\t\t\t\t\t\t\t\t\t\t<img decoding=\"async\" width=\"800\" height=\"800\" src=\"https:\/\/vfr1906kaiserslautern.de\/wp-content\/uploads\/2023\/05\/klickbarer-Banner_VfR_Kaiserslautern-15-\u00d7-15-cm-2-1-1024x1024.jpg\" class=\"attachment-large size-large wp-image-434\" alt=\"\" srcset=\"https:\/\/vfr1906kaiserslautern.de\/wp-content\/uploads\/2023\/05\/klickbarer-Banner_VfR_Kaiserslautern-15-\u00d7-15-cm-2-1-1024x1024.jpg 1024w, https:\/\/vfr1906kaiserslautern.de\/wp-content\/uploads\/2023\/05\/klickbarer-Banner_VfR_Kaiserslautern-15-\u00d7-15-cm-2-1-300x300.jpg 300w, https:\/\/vfr1906kaiserslautern.de\/wp-content\/uploads\/2023\/05\/klickbarer-Banner_VfR_Kaiserslautern-15-\u00d7-15-cm-2-1-150x150.jpg 150w, https:\/\/vfr1906kaiserslautern.de\/wp-content\/uploads\/2023\/05\/klickbarer-Banner_VfR_Kaiserslautern-15-\u00d7-15-cm-2-1-768x768.jpg 768w, https:\/\/vfr1906kaiserslautern.de\/wp-content\/uploads\/2023\/05\/klickbarer-Banner_VfR_Kaiserslautern-15-\u00d7-15-cm-2-1-1536x1536.jpg 1536w, https:\/\/vfr1906kaiserslautern.de\/wp-content\/uploads\/2023\/05\/klickbarer-Banner_VfR_Kaiserslautern-15-\u00d7-15-cm-2-1.jpg 1772w\" sizes=\"(max-width: 800px) 100vw, 800px\" \/>\t\t\t\t\t\t\t\t\t\t\t\t\t\t\t<\/div>\n\t\t\t\t<\/div>\n\t\t\t\t\t<\/div>\n\t\t<\/div>\n\t\t\t\t\t<\/div>\n\t\t<\/section>\n\t\t\t\t\t<\/div>\n\t\t<\/div>\n\t\t\t\t\t<\/div>\n\t\t<\/section>\n\t\t\t\t<\/div>\n\t\t","protected":false},"excerpt":{"rendered":"<p>C-Junioren 2010\/2011 Trainingszeiten und Spiele Trainingszeiten Dienstag 17:00 &#8211; 18:30 Uhr Donnerstag 17:00 &#8211; 18:30 Uhr Spiele und tabelle Bildungspartner des VfR Kaiserslautern Die anerkannte Online-Nachhilfe Bildungseinrichtung Tutorspace Liebe Mitglieder, Eltern, Kinder und Jugendliche, auch wenn ihr beim Fu\u00dfball gar nicht an Schule denken m\u00f6gt, m\u00f6chten wir euch die Gelegenheit geben Online-Nachhilfe mit einem starken [&hellip;]<\/p>\n","protected":false},"author":1,"featured_media":0,"parent":0,"menu_order":0,"comment_status":"closed","ping_status":"closed","template":"","meta":{"advanced_seo_description":"","jetpack_seo_html_title":"","jetpack_seo_noindex":false,"footnotes":""},"class_list":["post-1158","page","type-page","status-publish","hentry"],"jetpack_sharing_enabled":true,"_links":{"self":[{"href":"https:\/\/vfr1906kaiserslautern.de\/index.php?rest_route=\/wp\/v2\/pages\/1158","targetHints":{"allow":["GET"]}}],"collection":[{"href":"https:\/\/vfr1906kaiserslautern.de\/index.php?rest_route=\/wp\/v2\/pages"}],"about":[{"href":"https:\/\/vfr1906kaiserslautern.de\/index.php?rest_route=\/wp\/v2\/types\/page"}],"author":[{"embeddable":true,"href":"https:\/\/vfr1906kaiserslautern.de\/index.php?rest_route=\/wp\/v2\/users\/1"}],"replies":[{"embeddable":true,"href":"https:\/\/vfr1906kaiserslautern.de\/index.php?rest_route=%2Fwp%2Fv2%2Fcomments&post=1158"}],"version-history":[{"count":0,"href":"https:\/\/vfr1906kaiserslautern.de\/index.php?rest_route=\/wp\/v2\/pages\/1158\/revisions"}],"wp:attachment":[{"href":"https:\/\/vfr1906kaiserslautern.de\/index.php?rest_route=%2Fwp%2Fv2%2Fmedia&parent=1158"}],"curies":[{"name":"wp","href":"https:\/\/api.w.org\/{rel}","templated":true}]}}