{"id":1182,"date":"2023-06-06T19:19:46","date_gmt":"2023-06-06T19:19:46","guid":{"rendered":"https:\/\/vfr1906kaiserslautern.de\/?page_id=1182"},"modified":"2024-10-07T09:28:41","modified_gmt":"2024-10-07T09:28:41","slug":"d-junioren","status":"publish","type":"page","link":"https:\/\/vfr1906kaiserslautern.de\/?page_id=1182","title":{"rendered":"D-Junioren"},"content":{"rendered":"\t\t<div data-elementor-type=\"wp-page\" data-elementor-id=\"1182\" class=\"elementor elementor-1182\">\n\t\t\t\t\t\t<section class=\"elementor-section elementor-top-section elementor-element elementor-element-33d703 elementor-section-boxed elementor-section-height-default elementor-section-height-default\" data-id=\"33d703\" data-element_type=\"section\" data-e-type=\"section\" data-settings=\"{&quot;background_background&quot;:&quot;gradient&quot;}\">\n\t\t\t\t\t\t\t<div class=\"elementor-background-overlay\"><\/div>\n\t\t\t\t\t\t\t<div class=\"elementor-container elementor-column-gap-no\">\n\t\t\t\t\t<div class=\"elementor-column elementor-col-100 elementor-top-column elementor-element elementor-element-4534ed43\" data-id=\"4534ed43\" data-element_type=\"column\" data-e-type=\"column\">\n\t\t\t<div class=\"elementor-widget-wrap elementor-element-populated\">\n\t\t\t\t\t\t<section class=\"elementor-section elementor-inner-section elementor-element elementor-element-54d18b59 elementor-section-boxed elementor-section-height-default elementor-section-height-default\" data-id=\"54d18b59\" data-element_type=\"section\" data-e-type=\"section\">\n\t\t\t\t\t\t<div class=\"elementor-container elementor-column-gap-no\">\n\t\t\t\t\t<div class=\"elementor-column elementor-col-100 elementor-inner-column elementor-element elementor-element-5e0c9dba\" data-id=\"5e0c9dba\" data-element_type=\"column\" data-e-type=\"column\">\n\t\t\t<div class=\"elementor-widget-wrap elementor-element-populated\">\n\t\t\t\t\t\t<div class=\"elementor-element elementor-element-68e0092e elementor-invisible elementor-widget elementor-widget-heading\" data-id=\"68e0092e\" data-element_type=\"widget\" data-e-type=\"widget\" data-settings=\"{&quot;_animation&quot;:&quot;slideInLeft&quot;,&quot;_animation_delay&quot;:&quot;100&quot;}\" data-widget_type=\"heading.default\">\n\t\t\t\t<div class=\"elementor-widget-container\">\n\t\t\t\t\t<h1 class=\"elementor-heading-title elementor-size-default\">D-Junioren<\/h1>\t\t\t\t<\/div>\n\t\t\t\t<\/div>\n\t\t\t\t<div class=\"elementor-element elementor-element-bfcbae6 elementor-invisible elementor-widget elementor-widget-heading\" data-id=\"bfcbae6\" data-element_type=\"widget\" data-e-type=\"widget\" data-settings=\"{&quot;_animation&quot;:&quot;slideInLeft&quot;,&quot;_animation_delay&quot;:&quot;100&quot;}\" data-widget_type=\"heading.default\">\n\t\t\t\t<div class=\"elementor-widget-container\">\n\t\t\t\t\t<h2 class=\"elementor-heading-title elementor-size-default\">2012\/2013<\/h2>\t\t\t\t<\/div>\n\t\t\t\t<\/div>\n\t\t\t\t\t<\/div>\n\t\t<\/div>\n\t\t\t\t\t<\/div>\n\t\t<\/section>\n\t\t\t\t\t<\/div>\n\t\t<\/div>\n\t\t\t\t\t<\/div>\n\t\t<\/section>\n\t\t\t\t<section class=\"elementor-section elementor-top-section elementor-element elementor-element-460494fe elementor-section-boxed elementor-section-height-default elementor-section-height-default\" data-id=\"460494fe\" data-element_type=\"section\" data-e-type=\"section\">\n\t\t\t\t\t\t<div class=\"elementor-container elementor-column-gap-default\">\n\t\t\t\t\t<div class=\"elementor-column elementor-col-100 elementor-top-column elementor-element elementor-element-6e0e9c4b\" data-id=\"6e0e9c4b\" data-element_type=\"column\" data-e-type=\"column\">\n\t\t\t<div class=\"elementor-widget-wrap elementor-element-populated\">\n\t\t\t\t\t\t<div class=\"elementor-element elementor-element-617e25e1 elementor-widget elementor-widget-spacer\" data-id=\"617e25e1\" data-element_type=\"widget\" data-e-type=\"widget\" data-widget_type=\"spacer.default\">\n\t\t\t\t<div class=\"elementor-widget-container\">\n\t\t\t\t\t\t\t<div class=\"elementor-spacer\">\n\t\t\t<div class=\"elementor-spacer-inner\"><\/div>\n\t\t<\/div>\n\t\t\t\t\t\t<\/div>\n\t\t\t\t<\/div>\n\t\t\t\t<div class=\"elementor-element elementor-element-f3bd677 elementor-widget elementor-widget-image\" data-id=\"f3bd677\" data-element_type=\"widget\" data-e-type=\"widget\" data-widget_type=\"image.default\">\n\t\t\t\t<div class=\"elementor-widget-container\">\n\t\t\t\t\t\t\t\t\t\t\t\t\t\t\t<img fetchpriority=\"high\" decoding=\"async\" width=\"2048\" height=\"1312\" src=\"https:\/\/vfr1906kaiserslautern.de\/wp-content\/uploads\/2024\/10\/Mannschaftsfoto-D-Jugend.png\" class=\"attachment-full size-full wp-image-1894\" alt=\"\" srcset=\"https:\/\/vfr1906kaiserslautern.de\/wp-content\/uploads\/2024\/10\/Mannschaftsfoto-D-Jugend.png 2048w, https:\/\/vfr1906kaiserslautern.de\/wp-content\/uploads\/2024\/10\/Mannschaftsfoto-D-Jugend-300x192.png 300w, https:\/\/vfr1906kaiserslautern.de\/wp-content\/uploads\/2024\/10\/Mannschaftsfoto-D-Jugend-1024x656.png 1024w, https:\/\/vfr1906kaiserslautern.de\/wp-content\/uploads\/2024\/10\/Mannschaftsfoto-D-Jugend-768x492.png 768w, https:\/\/vfr1906kaiserslautern.de\/wp-content\/uploads\/2024\/10\/Mannschaftsfoto-D-Jugend-1536x984.png 1536w\" sizes=\"(max-width: 2048px) 100vw, 2048px\" \/>\t\t\t\t\t\t\t\t\t\t\t\t\t\t\t<\/div>\n\t\t\t\t<\/div>\n\t\t\t\t<div class=\"elementor-element elementor-element-55e123fc elementor-widget elementor-widget-heading\" data-id=\"55e123fc\" data-element_type=\"widget\" data-e-type=\"widget\" data-widget_type=\"heading.default\">\n\t\t\t\t<div class=\"elementor-widget-container\">\n\t\t\t\t\t<h2 class=\"elementor-heading-title elementor-size-default\">Trainingszeiten und Spiele<\/h2>\t\t\t\t<\/div>\n\t\t\t\t<\/div>\n\t\t\t\t<div class=\"elementor-element elementor-element-43f83c7a elementor-widget__width-auto elementor-widget elementor-widget-heading\" data-id=\"43f83c7a\" data-element_type=\"widget\" data-e-type=\"widget\" data-widget_type=\"heading.default\">\n\t\t\t\t<div class=\"elementor-widget-container\">\n\t\t\t\t\t<h6 class=\"elementor-heading-title elementor-size-default\">Trainingszeiten<\/h6>\t\t\t\t<\/div>\n\t\t\t\t<\/div>\n\t\t\t\t<div class=\"elementor-element elementor-element-64c52959 elementor-widget elementor-widget-text-editor\" data-id=\"64c52959\" data-element_type=\"widget\" data-e-type=\"widget\" data-widget_type=\"text-editor.default\">\n\t\t\t\t<div class=\"elementor-widget-container\">\n\t\t\t\t\t\t\t\t\t<p><strong>Montag 17:30 &#8211; 19:00 Uhr<\/strong><\/p><p><strong>Donnerstag 17:30 &#8211; 19:00 Uhr<\/strong><\/p>\t\t\t\t\t\t\t\t<\/div>\n\t\t\t\t<\/div>\n\t\t\t\t<div class=\"elementor-element elementor-element-6cd55f4e elementor-widget__width-auto elementor-widget elementor-widget-heading\" data-id=\"6cd55f4e\" data-element_type=\"widget\" data-e-type=\"widget\" data-widget_type=\"heading.default\">\n\t\t\t\t<div class=\"elementor-widget-container\">\n\t\t\t\t\t<h6 class=\"elementor-heading-title elementor-size-default\">Spiele und tabelle<\/h6>\t\t\t\t<\/div>\n\t\t\t\t<\/div>\n\t\t\t\t<div class=\"elementor-element elementor-element-37c757c7 elementor-widget elementor-widget-wp-widget-ifdw_fubade_widget\" data-id=\"37c757c7\" data-element_type=\"widget\" data-e-type=\"widget\" data-widget_type=\"wp-widget-ifdw_fubade_widget.default\">\n\t\t\t\t<div class=\"elementor-widget-container\">\n\t\t\t\t\t\n<h5><\/h5>\n<div id=\"fubade-64-CCCCT\" class=\"include-fussball-de-widgets\">\n\t<iframe src='\/\/www.fussball.de\/widget2\/-\/schluessel\/02M2F3AOL0000000VUM1DNOSVVLCCCCT\/target\/fubade-64-CCCCT\/caller\/vfr1906kaiserslautern.de' width='900px' height='100%' scrolling='no' style='border: 1px solid #CECECE; overflow: hidden; min-height: 200px;'><\/iframe>\n<\/div>\n\n\t\t\t\t<\/div>\n\t\t\t\t<\/div>\n\t\t\t\t<div class=\"elementor-element elementor-element-71a6fe21 elementor-widget elementor-widget-spacer\" data-id=\"71a6fe21\" data-element_type=\"widget\" data-e-type=\"widget\" data-widget_type=\"spacer.default\">\n\t\t\t\t<div class=\"elementor-widget-container\">\n\t\t\t\t\t\t\t<div class=\"elementor-spacer\">\n\t\t\t<div class=\"elementor-spacer-inner\"><\/div>\n\t\t<\/div>\n\t\t\t\t\t\t<\/div>\n\t\t\t\t<\/div>\n\t\t\t\t\t<\/div>\n\t\t<\/div>\n\t\t\t\t\t<\/div>\n\t\t<\/section>\n\t\t\t\t<section class=\"elementor-section elementor-top-section elementor-element elementor-element-3da4036c elementor-section-full_width elementor-section-height-min-height elementor-section-height-default elementor-section-items-middle\" data-id=\"3da4036c\" data-element_type=\"section\" data-e-type=\"section\" data-settings=\"{&quot;background_background&quot;:&quot;classic&quot;}\">\n\t\t\t\t\t\t<div class=\"elementor-container elementor-column-gap-no\">\n\t\t\t\t\t<div class=\"elementor-column elementor-col-50 elementor-top-column elementor-element elementor-element-4444dd43\" data-id=\"4444dd43\" data-element_type=\"column\" data-e-type=\"column\">\n\t\t\t<div class=\"elementor-widget-wrap elementor-element-populated\">\n\t\t\t\t\t\t<section class=\"elementor-section elementor-inner-section elementor-element elementor-element-c199d54 elementor-section-boxed elementor-section-height-default elementor-section-height-default\" data-id=\"c199d54\" data-element_type=\"section\" data-e-type=\"section\">\n\t\t\t\t\t\t<div class=\"elementor-container elementor-column-gap-no\">\n\t\t\t\t\t<div class=\"elementor-column elementor-col-100 elementor-inner-column elementor-element elementor-element-fb3493a\" data-id=\"fb3493a\" data-element_type=\"column\" data-e-type=\"column\">\n\t\t\t<div class=\"elementor-widget-wrap elementor-element-populated\">\n\t\t\t\t\t\t<div class=\"elementor-element elementor-element-3bf43787 elementor-widget__width-auto elementor-widget elementor-widget-heading\" data-id=\"3bf43787\" data-element_type=\"widget\" data-e-type=\"widget\" data-widget_type=\"heading.default\">\n\t\t\t\t<div class=\"elementor-widget-container\">\n\t\t\t\t\t<h6 class=\"elementor-heading-title elementor-size-default\">Bildungspartner des VfR Kaiserslautern<\/h6>\t\t\t\t<\/div>\n\t\t\t\t<\/div>\n\t\t\t\t<div class=\"elementor-element elementor-element-2a153a10 elementor-widget elementor-widget-heading\" data-id=\"2a153a10\" data-element_type=\"widget\" data-e-type=\"widget\" data-widget_type=\"heading.default\">\n\t\t\t\t<div class=\"elementor-widget-container\">\n\t\t\t\t\t<h5 class=\"elementor-heading-title elementor-size-default\">Die anerkannte Online-Nachhilfe Bildungseinrichtung Tutorspace<\/h5>\t\t\t\t<\/div>\n\t\t\t\t<\/div>\n\t\t\t\t<div class=\"elementor-element elementor-element-48109494 elementor-widget elementor-widget-text-editor\" data-id=\"48109494\" data-element_type=\"widget\" data-e-type=\"widget\" data-widget_type=\"text-editor.default\">\n\t\t\t\t<div class=\"elementor-widget-container\">\n\t\t\t\t\t\t\t\t\t<p>Liebe Mitglieder, Eltern, Kinder und Jugendliche,<\/p><p>auch wenn ihr beim Fu\u00dfball gar nicht an Schule denken m\u00f6gt, m\u00f6chten wir euch die Gelegenheit geben Online-Nachhilfe mit einem starken und hilfreichen Partner zu erleben.<\/p><p>Von jetzt an k\u00f6nnt ihr euch mit dem Rabatt-Code &#8222;Erbse&#8220; bei Tutorspace anmelden und euch 10% Rabatt sichern.<\/p><p>Tutorspace bietet euch 1 zu 1 Betreuung, ein effektives Matching von Sch\u00fclern mit Nachhilfelehrern, ortsunabh\u00e4ngigen und flexiblen Unterricht in einem virtuellen Klassenzimmer und individuelle Betreuung eurer Familie duch Bildungsberater.<\/p><p>Schaut auf ihrer Webseite vorbei und seht selbst, wie gut sie euch helfend zur Seite stehen k\u00f6nnen.\u00a0<\/p>\t\t\t\t\t\t\t\t<\/div>\n\t\t\t\t<\/div>\n\t\t\t\t<div class=\"elementor-element elementor-element-3b5b5d39 elementor-mobile-align-justify elementor-widget elementor-widget-button\" data-id=\"3b5b5d39\" data-element_type=\"widget\" data-e-type=\"widget\" data-widget_type=\"button.default\">\n\t\t\t\t<div class=\"elementor-widget-container\">\n\t\t\t\t\t\t\t\t\t<div class=\"elementor-button-wrapper\">\n\t\t\t\t\t<a class=\"elementor-button elementor-button-link elementor-size-sm\" href=\"https:\/\/probestunde.tutorspace.de\/code-einloesen\/\">\n\t\t\t\t\t\t<span class=\"elementor-button-content-wrapper\">\n\t\t\t\t\t\t<span class=\"elementor-button-icon\">\n\t\t\t\t<i aria-hidden=\"true\" class=\"fas fa-angle-double-right\"><\/i>\t\t\t<\/span>\n\t\t\t\t\t\t\t\t\t<span class=\"elementor-button-text\">Informiere dich jetzt<\/span>\n\t\t\t\t\t<\/span>\n\t\t\t\t\t<\/a>\n\t\t\t\t<\/div>\n\t\t\t\t\t\t\t\t<\/div>\n\t\t\t\t<\/div>\n\t\t\t\t\t<\/div>\n\t\t<\/div>\n\t\t\t\t\t<\/div>\n\t\t<\/section>\n\t\t\t\t\t<\/div>\n\t\t<\/div>\n\t\t\t\t<div class=\"elementor-column elementor-col-50 elementor-top-column elementor-element elementor-element-4776c51d\" data-id=\"4776c51d\" data-element_type=\"column\" data-e-type=\"column\" data-settings=\"{&quot;background_background&quot;:&quot;gradient&quot;}\">\n\t\t\t<div class=\"elementor-widget-wrap elementor-element-populated\">\n\t\t\t\t\t<div class=\"elementor-background-overlay\"><\/div>\n\t\t\t\t\t\t<section class=\"elementor-section elementor-inner-section elementor-element elementor-element-6648f0b5 elementor-section-full_width elementor-section-height-min-height elementor-section-height-default\" data-id=\"6648f0b5\" data-element_type=\"section\" data-e-type=\"section\">\n\t\t\t\t\t\t<div class=\"elementor-container elementor-column-gap-no\">\n\t\t\t\t\t<div class=\"elementor-column elementor-col-100 elementor-inner-column elementor-element elementor-element-7152431c\" data-id=\"7152431c\" data-element_type=\"column\" data-e-type=\"column\">\n\t\t\t<div class=\"elementor-widget-wrap elementor-element-populated\">\n\t\t\t\t\t\t<div class=\"elementor-element elementor-element-3646d80a elementor-invisible elementor-widget elementor-widget-image\" data-id=\"3646d80a\" data-element_type=\"widget\" data-e-type=\"widget\" data-settings=\"{&quot;_animation&quot;:&quot;fadeInRight&quot;}\" data-widget_type=\"image.default\">\n\t\t\t\t<div class=\"elementor-widget-container\">\n\t\t\t\t\t\t\t\t\t\t\t\t\t\t\t<img decoding=\"async\" width=\"800\" height=\"800\" src=\"https:\/\/vfr1906kaiserslautern.de\/wp-content\/uploads\/2023\/05\/klickbarer-Banner_VfR_Kaiserslautern-15-\u00d7-15-cm-2-1-1024x1024.jpg\" class=\"attachment-large size-large wp-image-434\" alt=\"\" srcset=\"https:\/\/vfr1906kaiserslautern.de\/wp-content\/uploads\/2023\/05\/klickbarer-Banner_VfR_Kaiserslautern-15-\u00d7-15-cm-2-1-1024x1024.jpg 1024w, https:\/\/vfr1906kaiserslautern.de\/wp-content\/uploads\/2023\/05\/klickbarer-Banner_VfR_Kaiserslautern-15-\u00d7-15-cm-2-1-300x300.jpg 300w, https:\/\/vfr1906kaiserslautern.de\/wp-content\/uploads\/2023\/05\/klickbarer-Banner_VfR_Kaiserslautern-15-\u00d7-15-cm-2-1-150x150.jpg 150w, https:\/\/vfr1906kaiserslautern.de\/wp-content\/uploads\/2023\/05\/klickbarer-Banner_VfR_Kaiserslautern-15-\u00d7-15-cm-2-1-768x768.jpg 768w, https:\/\/vfr1906kaiserslautern.de\/wp-content\/uploads\/2023\/05\/klickbarer-Banner_VfR_Kaiserslautern-15-\u00d7-15-cm-2-1-1536x1536.jpg 1536w, https:\/\/vfr1906kaiserslautern.de\/wp-content\/uploads\/2023\/05\/klickbarer-Banner_VfR_Kaiserslautern-15-\u00d7-15-cm-2-1.jpg 1772w\" sizes=\"(max-width: 800px) 100vw, 800px\" \/>\t\t\t\t\t\t\t\t\t\t\t\t\t\t\t<\/div>\n\t\t\t\t<\/div>\n\t\t\t\t\t<\/div>\n\t\t<\/div>\n\t\t\t\t\t<\/div>\n\t\t<\/section>\n\t\t\t\t\t<\/div>\n\t\t<\/div>\n\t\t\t\t\t<\/div>\n\t\t<\/section>\n\t\t\t\t<\/div>\n\t\t","protected":false},"excerpt":{"rendered":"<p>D-Junioren 2012\/2013 Trainingszeiten und Spiele Trainingszeiten Montag 17:30 &#8211; 19:00 Uhr Donnerstag 17:30 &#8211; 19:00 Uhr Spiele und tabelle Bildungspartner des VfR Kaiserslautern Die anerkannte Online-Nachhilfe Bildungseinrichtung Tutorspace Liebe Mitglieder, Eltern, Kinder und Jugendliche, auch wenn ihr beim Fu\u00dfball gar nicht an Schule denken m\u00f6gt, m\u00f6chten wir euch die Gelegenheit geben Online-Nachhilfe mit einem starken [&hellip;]<\/p>\n","protected":false},"author":1,"featured_media":0,"parent":0,"menu_order":0,"comment_status":"closed","ping_status":"closed","template":"","meta":{"advanced_seo_description":"","jetpack_seo_html_title":"","jetpack_seo_noindex":false,"footnotes":""},"class_list":["post-1182","page","type-page","status-publish","hentry"],"jetpack_sharing_enabled":true,"_links":{"self":[{"href":"https:\/\/vfr1906kaiserslautern.de\/index.php?rest_route=\/wp\/v2\/pages\/1182","targetHints":{"allow":["GET"]}}],"collection":[{"href":"https:\/\/vfr1906kaiserslautern.de\/index.php?rest_route=\/wp\/v2\/pages"}],"about":[{"href":"https:\/\/vfr1906kaiserslautern.de\/index.php?rest_route=\/wp\/v2\/types\/page"}],"author":[{"embeddable":true,"href":"https:\/\/vfr1906kaiserslautern.de\/index.php?rest_route=\/wp\/v2\/users\/1"}],"replies":[{"embeddable":true,"href":"https:\/\/vfr1906kaiserslautern.de\/index.php?rest_route=%2Fwp%2Fv2%2Fcomments&post=1182"}],"version-history":[{"count":0,"href":"https:\/\/vfr1906kaiserslautern.de\/index.php?rest_route=\/wp\/v2\/pages\/1182\/revisions"}],"wp:attachment":[{"href":"https:\/\/vfr1906kaiserslautern.de\/index.php?rest_route=%2Fwp%2Fv2%2Fmedia&parent=1182"}],"curies":[{"name":"wp","href":"https:\/\/api.w.org\/{rel}","templated":true}]}}