{"id":1201,"date":"2023-06-06T19:32:11","date_gmt":"2023-06-06T19:32:11","guid":{"rendered":"https:\/\/vfr1906kaiserslautern.de\/?page_id=1201"},"modified":"2024-10-07T11:32:50","modified_gmt":"2024-10-07T11:32:50","slug":"f-junioren","status":"publish","type":"page","link":"https:\/\/vfr1906kaiserslautern.de\/?page_id=1201","title":{"rendered":"F-Junioren"},"content":{"rendered":"\t\t<div data-elementor-type=\"wp-page\" data-elementor-id=\"1201\" class=\"elementor elementor-1201\">\n\t\t\t\t\t\t<section class=\"elementor-section elementor-top-section elementor-element elementor-element-42adfc87 elementor-section-boxed elementor-section-height-default elementor-section-height-default\" data-id=\"42adfc87\" data-element_type=\"section\" data-e-type=\"section\" data-settings=\"{&quot;background_background&quot;:&quot;gradient&quot;}\">\n\t\t\t\t\t\t\t<div class=\"elementor-background-overlay\"><\/div>\n\t\t\t\t\t\t\t<div class=\"elementor-container elementor-column-gap-no\">\n\t\t\t\t\t<div class=\"elementor-column elementor-col-100 elementor-top-column elementor-element elementor-element-448c09\" data-id=\"448c09\" data-element_type=\"column\" data-e-type=\"column\">\n\t\t\t<div class=\"elementor-widget-wrap elementor-element-populated\">\n\t\t\t\t\t\t<section class=\"elementor-section elementor-inner-section elementor-element elementor-element-2d9c8a17 elementor-section-boxed elementor-section-height-default elementor-section-height-default\" data-id=\"2d9c8a17\" data-element_type=\"section\" data-e-type=\"section\">\n\t\t\t\t\t\t<div class=\"elementor-container elementor-column-gap-no\">\n\t\t\t\t\t<div class=\"elementor-column elementor-col-100 elementor-inner-column elementor-element elementor-element-27f8919e\" data-id=\"27f8919e\" data-element_type=\"column\" data-e-type=\"column\">\n\t\t\t<div class=\"elementor-widget-wrap elementor-element-populated\">\n\t\t\t\t\t\t<div class=\"elementor-element elementor-element-5481a0f3 elementor-invisible elementor-widget elementor-widget-heading\" data-id=\"5481a0f3\" data-element_type=\"widget\" data-e-type=\"widget\" data-settings=\"{&quot;_animation&quot;:&quot;slideInLeft&quot;,&quot;_animation_delay&quot;:&quot;100&quot;}\" data-widget_type=\"heading.default\">\n\t\t\t\t<div class=\"elementor-widget-container\">\n\t\t\t\t\t<h1 class=\"elementor-heading-title elementor-size-default\">F-Junioren<\/h1>\t\t\t\t<\/div>\n\t\t\t\t<\/div>\n\t\t\t\t<div class=\"elementor-element elementor-element-aac8767 elementor-invisible elementor-widget elementor-widget-heading\" data-id=\"aac8767\" data-element_type=\"widget\" data-e-type=\"widget\" data-settings=\"{&quot;_animation&quot;:&quot;slideInLeft&quot;,&quot;_animation_delay&quot;:&quot;100&quot;}\" data-widget_type=\"heading.default\">\n\t\t\t\t<div class=\"elementor-widget-container\">\n\t\t\t\t\t<h2 class=\"elementor-heading-title elementor-size-default\">2016\/2017<\/h2>\t\t\t\t<\/div>\n\t\t\t\t<\/div>\n\t\t\t\t\t<\/div>\n\t\t<\/div>\n\t\t\t\t\t<\/div>\n\t\t<\/section>\n\t\t\t\t\t<\/div>\n\t\t<\/div>\n\t\t\t\t\t<\/div>\n\t\t<\/section>\n\t\t\t\t<section class=\"elementor-section elementor-top-section elementor-element elementor-element-38523f39 elementor-section-boxed elementor-section-height-default elementor-section-height-default\" data-id=\"38523f39\" data-element_type=\"section\" data-e-type=\"section\">\n\t\t\t\t\t\t<div class=\"elementor-container elementor-column-gap-default\">\n\t\t\t\t\t<div class=\"elementor-column elementor-col-100 elementor-top-column elementor-element elementor-element-537045da\" data-id=\"537045da\" data-element_type=\"column\" data-e-type=\"column\">\n\t\t\t<div class=\"elementor-widget-wrap elementor-element-populated\">\n\t\t\t\t\t\t<div class=\"elementor-element elementor-element-70ef2592 elementor-widget elementor-widget-image\" data-id=\"70ef2592\" data-element_type=\"widget\" data-e-type=\"widget\" data-settings=\"{&quot;_animation&quot;:&quot;none&quot;}\" data-widget_type=\"image.default\">\n\t\t\t\t<div class=\"elementor-widget-container\">\n\t\t\t\t\t\t\t\t\t\t\t\t\t\t\t<img fetchpriority=\"high\" decoding=\"async\" width=\"2048\" height=\"1312\" src=\"https:\/\/vfr1906kaiserslautern.de\/wp-content\/uploads\/2024\/10\/Mannschaftsfoto-F-Jugend.png\" class=\"attachment-full size-full wp-image-1919\" alt=\"\" srcset=\"https:\/\/vfr1906kaiserslautern.de\/wp-content\/uploads\/2024\/10\/Mannschaftsfoto-F-Jugend.png 2048w, https:\/\/vfr1906kaiserslautern.de\/wp-content\/uploads\/2024\/10\/Mannschaftsfoto-F-Jugend-300x192.png 300w, https:\/\/vfr1906kaiserslautern.de\/wp-content\/uploads\/2024\/10\/Mannschaftsfoto-F-Jugend-1024x656.png 1024w, https:\/\/vfr1906kaiserslautern.de\/wp-content\/uploads\/2024\/10\/Mannschaftsfoto-F-Jugend-768x492.png 768w, https:\/\/vfr1906kaiserslautern.de\/wp-content\/uploads\/2024\/10\/Mannschaftsfoto-F-Jugend-1536x984.png 1536w\" sizes=\"(max-width: 2048px) 100vw, 2048px\" \/>\t\t\t\t\t\t\t\t\t\t\t\t\t\t\t<\/div>\n\t\t\t\t<\/div>\n\t\t\t\t<div class=\"elementor-element elementor-element-4eb0bda elementor-widget elementor-widget-spacer\" data-id=\"4eb0bda\" data-element_type=\"widget\" data-e-type=\"widget\" data-widget_type=\"spacer.default\">\n\t\t\t\t<div class=\"elementor-widget-container\">\n\t\t\t\t\t\t\t<div class=\"elementor-spacer\">\n\t\t\t<div class=\"elementor-spacer-inner\"><\/div>\n\t\t<\/div>\n\t\t\t\t\t\t<\/div>\n\t\t\t\t<\/div>\n\t\t\t\t<div class=\"elementor-element elementor-element-15d8dd63 elementor-widget elementor-widget-heading\" data-id=\"15d8dd63\" data-element_type=\"widget\" data-e-type=\"widget\" data-widget_type=\"heading.default\">\n\t\t\t\t<div class=\"elementor-widget-container\">\n\t\t\t\t\t<h2 class=\"elementor-heading-title elementor-size-default\">Trainingszeiten und Spiele<\/h2>\t\t\t\t<\/div>\n\t\t\t\t<\/div>\n\t\t\t\t<div class=\"elementor-element elementor-element-1a5cd25e elementor-widget__width-auto elementor-widget elementor-widget-heading\" data-id=\"1a5cd25e\" data-element_type=\"widget\" data-e-type=\"widget\" data-widget_type=\"heading.default\">\n\t\t\t\t<div class=\"elementor-widget-container\">\n\t\t\t\t\t<h6 class=\"elementor-heading-title elementor-size-default\">Trainingszeiten<\/h6>\t\t\t\t<\/div>\n\t\t\t\t<\/div>\n\t\t\t\t<div class=\"elementor-element elementor-element-15041313 elementor-widget elementor-widget-text-editor\" data-id=\"15041313\" data-element_type=\"widget\" data-e-type=\"widget\" data-widget_type=\"text-editor.default\">\n\t\t\t\t<div class=\"elementor-widget-container\">\n\t\t\t\t\t\t\t\t\t<p><strong>Mittwoch 17:30 &#8211; 19:00 Uhr<\/strong><\/p><p><strong>Freitag 17:30 &#8211; 19:00 Uhr<\/strong><\/p>\t\t\t\t\t\t\t\t<\/div>\n\t\t\t\t<\/div>\n\t\t\t\t<div class=\"elementor-element elementor-element-762a25a1 elementor-widget__width-auto elementor-widget elementor-widget-heading\" data-id=\"762a25a1\" data-element_type=\"widget\" data-e-type=\"widget\" data-widget_type=\"heading.default\">\n\t\t\t\t<div class=\"elementor-widget-container\">\n\t\t\t\t\t<h6 class=\"elementor-heading-title elementor-size-default\">Spiele und tabelle<\/h6>\t\t\t\t<\/div>\n\t\t\t\t<\/div>\n\t\t\t\t<div class=\"elementor-element elementor-element-749838fc elementor-widget elementor-widget-wp-widget-ifdw_fubade_widget\" data-id=\"749838fc\" data-element_type=\"widget\" data-e-type=\"widget\" data-widget_type=\"wp-widget-ifdw_fubade_widget.default\">\n\t\t\t\t<div class=\"elementor-widget-container\">\n\t\t\t\t\t\n<h5><\/h5>\n<div id=\"fubade-94-J43VQ\" class=\"include-fussball-de-widgets\">\n\t<iframe src='\/\/www.fussball.de\/widget2\/-\/schluessel\/02M2F6783K000000VUM1DNPDVS6J43VQ\/target\/fubade-94-J43VQ\/caller\/vfr1906kaiserslautern.de' width='900px' height='100%' scrolling='no' style='border: 1px solid #CECECE; overflow: hidden; min-height: 200px;'><\/iframe>\n<\/div>\n\n\t\t\t\t<\/div>\n\t\t\t\t<\/div>\n\t\t\t\t<div class=\"elementor-element elementor-element-51c19a99 elementor-widget elementor-widget-spacer\" data-id=\"51c19a99\" data-element_type=\"widget\" data-e-type=\"widget\" data-widget_type=\"spacer.default\">\n\t\t\t\t<div class=\"elementor-widget-container\">\n\t\t\t\t\t\t\t<div class=\"elementor-spacer\">\n\t\t\t<div class=\"elementor-spacer-inner\"><\/div>\n\t\t<\/div>\n\t\t\t\t\t\t<\/div>\n\t\t\t\t<\/div>\n\t\t\t\t\t<\/div>\n\t\t<\/div>\n\t\t\t\t\t<\/div>\n\t\t<\/section>\n\t\t\t\t<section class=\"elementor-section elementor-top-section elementor-element elementor-element-5a7e6242 elementor-section-full_width elementor-section-height-min-height elementor-section-height-default elementor-section-items-middle\" data-id=\"5a7e6242\" data-element_type=\"section\" data-e-type=\"section\" data-settings=\"{&quot;background_background&quot;:&quot;classic&quot;}\">\n\t\t\t\t\t\t<div class=\"elementor-container elementor-column-gap-no\">\n\t\t\t\t\t<div class=\"elementor-column elementor-col-50 elementor-top-column elementor-element elementor-element-7a0f860a\" data-id=\"7a0f860a\" data-element_type=\"column\" data-e-type=\"column\">\n\t\t\t<div class=\"elementor-widget-wrap elementor-element-populated\">\n\t\t\t\t\t\t<section class=\"elementor-section elementor-inner-section elementor-element elementor-element-3fef5702 elementor-section-boxed elementor-section-height-default elementor-section-height-default\" data-id=\"3fef5702\" data-element_type=\"section\" data-e-type=\"section\">\n\t\t\t\t\t\t<div class=\"elementor-container elementor-column-gap-no\">\n\t\t\t\t\t<div class=\"elementor-column elementor-col-100 elementor-inner-column elementor-element elementor-element-468f86bd\" data-id=\"468f86bd\" data-element_type=\"column\" data-e-type=\"column\">\n\t\t\t<div class=\"elementor-widget-wrap elementor-element-populated\">\n\t\t\t\t\t\t<div class=\"elementor-element elementor-element-7749dd89 elementor-widget__width-auto elementor-widget elementor-widget-heading\" data-id=\"7749dd89\" data-element_type=\"widget\" data-e-type=\"widget\" data-widget_type=\"heading.default\">\n\t\t\t\t<div class=\"elementor-widget-container\">\n\t\t\t\t\t<h6 class=\"elementor-heading-title elementor-size-default\">Bildungspartner des VfR Kaiserslautern<\/h6>\t\t\t\t<\/div>\n\t\t\t\t<\/div>\n\t\t\t\t<div class=\"elementor-element elementor-element-7bdd6db0 elementor-widget elementor-widget-heading\" data-id=\"7bdd6db0\" data-element_type=\"widget\" data-e-type=\"widget\" data-widget_type=\"heading.default\">\n\t\t\t\t<div class=\"elementor-widget-container\">\n\t\t\t\t\t<h5 class=\"elementor-heading-title elementor-size-default\">Die anerkannte Online-Nachhilfe Bildungseinrichtung Tutorspace<\/h5>\t\t\t\t<\/div>\n\t\t\t\t<\/div>\n\t\t\t\t<div class=\"elementor-element elementor-element-6459109e elementor-widget elementor-widget-text-editor\" data-id=\"6459109e\" data-element_type=\"widget\" data-e-type=\"widget\" data-widget_type=\"text-editor.default\">\n\t\t\t\t<div class=\"elementor-widget-container\">\n\t\t\t\t\t\t\t\t\t<p>Liebe Mitglieder, Eltern, Kinder und Jugendliche,<\/p><p>auch wenn ihr beim Fu\u00dfball gar nicht an Schule denken m\u00f6gt, m\u00f6chten wir euch die Gelegenheit geben Online-Nachhilfe mit einem starken und hilfreichen Partner zu erleben.<\/p><p>Von jetzt an k\u00f6nnt ihr euch mit dem Rabatt-Code &#8222;Erbse&#8220; bei Tutorspace anmelden und euch 10% Rabatt sichern.<\/p><p>Tutorspace bietet euch 1 zu 1 Betreuung, ein effektives Matching von Sch\u00fclern mit Nachhilfelehrern, ortsunabh\u00e4ngigen und flexiblen Unterricht in einem virtuellen Klassenzimmer und individuelle Betreuung eurer Familie duch Bildungsberater.<\/p><p>Schaut auf ihrer Webseite vorbei und seht selbst, wie gut sie euch helfend zur Seite stehen k\u00f6nnen.\u00a0<\/p>\t\t\t\t\t\t\t\t<\/div>\n\t\t\t\t<\/div>\n\t\t\t\t<div class=\"elementor-element elementor-element-7255807 elementor-mobile-align-justify elementor-widget elementor-widget-button\" data-id=\"7255807\" data-element_type=\"widget\" data-e-type=\"widget\" data-widget_type=\"button.default\">\n\t\t\t\t<div class=\"elementor-widget-container\">\n\t\t\t\t\t\t\t\t\t<div class=\"elementor-button-wrapper\">\n\t\t\t\t\t<a class=\"elementor-button elementor-button-link elementor-size-sm\" href=\"https:\/\/probestunde.tutorspace.de\/code-einloesen\/\">\n\t\t\t\t\t\t<span class=\"elementor-button-content-wrapper\">\n\t\t\t\t\t\t<span class=\"elementor-button-icon\">\n\t\t\t\t<i aria-hidden=\"true\" class=\"fas fa-angle-double-right\"><\/i>\t\t\t<\/span>\n\t\t\t\t\t\t\t\t\t<span class=\"elementor-button-text\">Informiere dich jetzt<\/span>\n\t\t\t\t\t<\/span>\n\t\t\t\t\t<\/a>\n\t\t\t\t<\/div>\n\t\t\t\t\t\t\t\t<\/div>\n\t\t\t\t<\/div>\n\t\t\t\t\t<\/div>\n\t\t<\/div>\n\t\t\t\t\t<\/div>\n\t\t<\/section>\n\t\t\t\t\t<\/div>\n\t\t<\/div>\n\t\t\t\t<div class=\"elementor-column elementor-col-50 elementor-top-column elementor-element elementor-element-2dfbbd56\" data-id=\"2dfbbd56\" data-element_type=\"column\" data-e-type=\"column\" data-settings=\"{&quot;background_background&quot;:&quot;gradient&quot;}\">\n\t\t\t<div class=\"elementor-widget-wrap elementor-element-populated\">\n\t\t\t\t\t<div class=\"elementor-background-overlay\"><\/div>\n\t\t\t\t\t\t<section class=\"elementor-section elementor-inner-section elementor-element elementor-element-409f3f42 elementor-section-full_width elementor-section-height-min-height elementor-section-height-default\" data-id=\"409f3f42\" data-element_type=\"section\" data-e-type=\"section\">\n\t\t\t\t\t\t<div class=\"elementor-container elementor-column-gap-no\">\n\t\t\t\t\t<div class=\"elementor-column elementor-col-100 elementor-inner-column elementor-element elementor-element-1070ecb2\" data-id=\"1070ecb2\" data-element_type=\"column\" data-e-type=\"column\">\n\t\t\t<div class=\"elementor-widget-wrap elementor-element-populated\">\n\t\t\t\t\t\t<div class=\"elementor-element elementor-element-9697223 elementor-invisible elementor-widget elementor-widget-image\" data-id=\"9697223\" data-element_type=\"widget\" data-e-type=\"widget\" data-settings=\"{&quot;_animation&quot;:&quot;fadeInRight&quot;}\" data-widget_type=\"image.default\">\n\t\t\t\t<div class=\"elementor-widget-container\">\n\t\t\t\t\t\t\t\t\t\t\t\t\t\t\t<img decoding=\"async\" width=\"800\" height=\"800\" src=\"https:\/\/vfr1906kaiserslautern.de\/wp-content\/uploads\/2023\/05\/klickbarer-Banner_VfR_Kaiserslautern-15-\u00d7-15-cm-2-1-1024x1024.jpg\" class=\"attachment-large size-large wp-image-434\" alt=\"\" srcset=\"https:\/\/vfr1906kaiserslautern.de\/wp-content\/uploads\/2023\/05\/klickbarer-Banner_VfR_Kaiserslautern-15-\u00d7-15-cm-2-1-1024x1024.jpg 1024w, https:\/\/vfr1906kaiserslautern.de\/wp-content\/uploads\/2023\/05\/klickbarer-Banner_VfR_Kaiserslautern-15-\u00d7-15-cm-2-1-300x300.jpg 300w, https:\/\/vfr1906kaiserslautern.de\/wp-content\/uploads\/2023\/05\/klickbarer-Banner_VfR_Kaiserslautern-15-\u00d7-15-cm-2-1-150x150.jpg 150w, https:\/\/vfr1906kaiserslautern.de\/wp-content\/uploads\/2023\/05\/klickbarer-Banner_VfR_Kaiserslautern-15-\u00d7-15-cm-2-1-768x768.jpg 768w, https:\/\/vfr1906kaiserslautern.de\/wp-content\/uploads\/2023\/05\/klickbarer-Banner_VfR_Kaiserslautern-15-\u00d7-15-cm-2-1-1536x1536.jpg 1536w, https:\/\/vfr1906kaiserslautern.de\/wp-content\/uploads\/2023\/05\/klickbarer-Banner_VfR_Kaiserslautern-15-\u00d7-15-cm-2-1.jpg 1772w\" sizes=\"(max-width: 800px) 100vw, 800px\" \/>\t\t\t\t\t\t\t\t\t\t\t\t\t\t\t<\/div>\n\t\t\t\t<\/div>\n\t\t\t\t\t<\/div>\n\t\t<\/div>\n\t\t\t\t\t<\/div>\n\t\t<\/section>\n\t\t\t\t\t<\/div>\n\t\t<\/div>\n\t\t\t\t\t<\/div>\n\t\t<\/section>\n\t\t\t\t<\/div>\n\t\t","protected":false},"excerpt":{"rendered":"<p>F-Junioren 2016\/2017 Trainingszeiten und Spiele Trainingszeiten Mittwoch 17:30 &#8211; 19:00 Uhr Freitag 17:30 &#8211; 19:00 Uhr Spiele und tabelle Bildungspartner des VfR Kaiserslautern Die anerkannte Online-Nachhilfe Bildungseinrichtung Tutorspace Liebe Mitglieder, Eltern, Kinder und Jugendliche, auch wenn ihr beim Fu\u00dfball gar nicht an Schule denken m\u00f6gt, m\u00f6chten wir euch die Gelegenheit geben Online-Nachhilfe mit einem starken [&hellip;]<\/p>\n","protected":false},"author":1,"featured_media":0,"parent":0,"menu_order":0,"comment_status":"closed","ping_status":"closed","template":"","meta":{"advanced_seo_description":"","jetpack_seo_html_title":"","jetpack_seo_noindex":false,"footnotes":""},"class_list":["post-1201","page","type-page","status-publish","hentry"],"jetpack_sharing_enabled":true,"_links":{"self":[{"href":"https:\/\/vfr1906kaiserslautern.de\/index.php?rest_route=\/wp\/v2\/pages\/1201","targetHints":{"allow":["GET"]}}],"collection":[{"href":"https:\/\/vfr1906kaiserslautern.de\/index.php?rest_route=\/wp\/v2\/pages"}],"about":[{"href":"https:\/\/vfr1906kaiserslautern.de\/index.php?rest_route=\/wp\/v2\/types\/page"}],"author":[{"embeddable":true,"href":"https:\/\/vfr1906kaiserslautern.de\/index.php?rest_route=\/wp\/v2\/users\/1"}],"replies":[{"embeddable":true,"href":"https:\/\/vfr1906kaiserslautern.de\/index.php?rest_route=%2Fwp%2Fv2%2Fcomments&post=1201"}],"version-history":[{"count":0,"href":"https:\/\/vfr1906kaiserslautern.de\/index.php?rest_route=\/wp\/v2\/pages\/1201\/revisions"}],"wp:attachment":[{"href":"https:\/\/vfr1906kaiserslautern.de\/index.php?rest_route=%2Fwp%2Fv2%2Fmedia&parent=1201"}],"curies":[{"name":"wp","href":"https:\/\/api.w.org\/{rel}","templated":true}]}}