{"id":1211,"date":"2023-06-06T19:37:59","date_gmt":"2023-06-06T19:37:59","guid":{"rendered":"https:\/\/vfr1906kaiserslautern.de\/?page_id=1211"},"modified":"2024-10-07T09:28:04","modified_gmt":"2024-10-07T09:28:04","slug":"g-junioren-bambinis","status":"publish","type":"page","link":"https:\/\/vfr1906kaiserslautern.de\/?page_id=1211","title":{"rendered":"G-Junioren (Bambinis)"},"content":{"rendered":"\t\t<div data-elementor-type=\"wp-page\" data-elementor-id=\"1211\" class=\"elementor elementor-1211\">\n\t\t\t\t\t\t<section class=\"elementor-section elementor-top-section elementor-element elementor-element-6f3117f5 elementor-section-boxed elementor-section-height-default elementor-section-height-default\" data-id=\"6f3117f5\" data-element_type=\"section\" data-e-type=\"section\" data-settings=\"{&quot;background_background&quot;:&quot;gradient&quot;}\">\n\t\t\t\t\t\t\t<div class=\"elementor-background-overlay\"><\/div>\n\t\t\t\t\t\t\t<div class=\"elementor-container elementor-column-gap-no\">\n\t\t\t\t\t<div class=\"elementor-column elementor-col-100 elementor-top-column elementor-element elementor-element-40d36584\" data-id=\"40d36584\" data-element_type=\"column\" data-e-type=\"column\">\n\t\t\t<div class=\"elementor-widget-wrap elementor-element-populated\">\n\t\t\t\t\t\t<section class=\"elementor-section elementor-inner-section elementor-element elementor-element-22d0dee3 elementor-section-boxed elementor-section-height-default elementor-section-height-default\" data-id=\"22d0dee3\" data-element_type=\"section\" data-e-type=\"section\">\n\t\t\t\t\t\t<div class=\"elementor-container elementor-column-gap-no\">\n\t\t\t\t\t<div class=\"elementor-column elementor-col-100 elementor-inner-column elementor-element elementor-element-494918c4\" data-id=\"494918c4\" data-element_type=\"column\" data-e-type=\"column\">\n\t\t\t<div class=\"elementor-widget-wrap elementor-element-populated\">\n\t\t\t\t\t\t<div class=\"elementor-element elementor-element-57da92c4 elementor-invisible elementor-widget elementor-widget-heading\" data-id=\"57da92c4\" data-element_type=\"widget\" data-e-type=\"widget\" data-settings=\"{&quot;_animation&quot;:&quot;slideInLeft&quot;,&quot;_animation_delay&quot;:&quot;100&quot;}\" data-widget_type=\"heading.default\">\n\t\t\t\t<div class=\"elementor-widget-container\">\n\t\t\t\t\t<h1 class=\"elementor-heading-title elementor-size-default\">G-Junioren (Bambinis)<\/h1>\t\t\t\t<\/div>\n\t\t\t\t<\/div>\n\t\t\t\t<div class=\"elementor-element elementor-element-58e20a4 elementor-invisible elementor-widget elementor-widget-heading\" data-id=\"58e20a4\" data-element_type=\"widget\" data-e-type=\"widget\" data-settings=\"{&quot;_animation&quot;:&quot;slideInLeft&quot;,&quot;_animation_delay&quot;:&quot;100&quot;}\" data-widget_type=\"heading.default\">\n\t\t\t\t<div class=\"elementor-widget-container\">\n\t\t\t\t\t<h2 class=\"elementor-heading-title elementor-size-default\">ab 2018<\/h2>\t\t\t\t<\/div>\n\t\t\t\t<\/div>\n\t\t\t\t\t<\/div>\n\t\t<\/div>\n\t\t\t\t\t<\/div>\n\t\t<\/section>\n\t\t\t\t\t<\/div>\n\t\t<\/div>\n\t\t\t\t\t<\/div>\n\t\t<\/section>\n\t\t\t\t<section class=\"elementor-section elementor-top-section elementor-element elementor-element-0468f50 elementor-section-boxed elementor-section-height-default elementor-section-height-default\" data-id=\"0468f50\" data-element_type=\"section\" data-e-type=\"section\">\n\t\t\t\t\t\t<div class=\"elementor-container elementor-column-gap-default\">\n\t\t\t\t\t<div class=\"elementor-column elementor-col-100 elementor-top-column elementor-element elementor-element-ccd4bc5\" data-id=\"ccd4bc5\" data-element_type=\"column\" data-e-type=\"column\">\n\t\t\t<div class=\"elementor-widget-wrap elementor-element-populated\">\n\t\t\t\t\t\t<div class=\"elementor-element elementor-element-1068bff7 elementor-widget elementor-widget-spacer\" data-id=\"1068bff7\" data-element_type=\"widget\" data-e-type=\"widget\" data-widget_type=\"spacer.default\">\n\t\t\t\t<div class=\"elementor-widget-container\">\n\t\t\t\t\t\t\t<div class=\"elementor-spacer\">\n\t\t\t<div class=\"elementor-spacer-inner\"><\/div>\n\t\t<\/div>\n\t\t\t\t\t\t<\/div>\n\t\t\t\t<\/div>\n\t\t\t\t<div class=\"elementor-element elementor-element-735723f elementor-widget elementor-widget-image\" data-id=\"735723f\" data-element_type=\"widget\" data-e-type=\"widget\" data-widget_type=\"image.default\">\n\t\t\t\t<div class=\"elementor-widget-container\">\n\t\t\t\t\t\t\t\t\t\t\t\t\t\t\t<img fetchpriority=\"high\" decoding=\"async\" width=\"2048\" height=\"1312\" src=\"https:\/\/vfr1906kaiserslautern.de\/wp-content\/uploads\/2024\/10\/Mannschaftsfoto-G-Jugend.png\" class=\"attachment-full size-full wp-image-1897\" alt=\"\" srcset=\"https:\/\/vfr1906kaiserslautern.de\/wp-content\/uploads\/2024\/10\/Mannschaftsfoto-G-Jugend.png 2048w, https:\/\/vfr1906kaiserslautern.de\/wp-content\/uploads\/2024\/10\/Mannschaftsfoto-G-Jugend-300x192.png 300w, https:\/\/vfr1906kaiserslautern.de\/wp-content\/uploads\/2024\/10\/Mannschaftsfoto-G-Jugend-1024x656.png 1024w, https:\/\/vfr1906kaiserslautern.de\/wp-content\/uploads\/2024\/10\/Mannschaftsfoto-G-Jugend-768x492.png 768w, https:\/\/vfr1906kaiserslautern.de\/wp-content\/uploads\/2024\/10\/Mannschaftsfoto-G-Jugend-1536x984.png 1536w\" sizes=\"(max-width: 2048px) 100vw, 2048px\" \/>\t\t\t\t\t\t\t\t\t\t\t\t\t\t\t<\/div>\n\t\t\t\t<\/div>\n\t\t\t\t\t<\/div>\n\t\t<\/div>\n\t\t\t\t\t<\/div>\n\t\t<\/section>\n\t\t\t\t<section class=\"elementor-section elementor-top-section elementor-element elementor-element-1f75fe5d elementor-section-boxed elementor-section-height-default elementor-section-height-default\" data-id=\"1f75fe5d\" data-element_type=\"section\" data-e-type=\"section\">\n\t\t\t\t\t\t<div class=\"elementor-container elementor-column-gap-default\">\n\t\t\t\t\t<div class=\"elementor-column elementor-col-100 elementor-top-column elementor-element elementor-element-6fd74fac\" data-id=\"6fd74fac\" data-element_type=\"column\" data-e-type=\"column\">\n\t\t\t<div class=\"elementor-widget-wrap elementor-element-populated\">\n\t\t\t\t\t\t<div class=\"elementor-element elementor-element-67bf7b3c elementor-widget elementor-widget-heading\" data-id=\"67bf7b3c\" data-element_type=\"widget\" data-e-type=\"widget\" data-widget_type=\"heading.default\">\n\t\t\t\t<div class=\"elementor-widget-container\">\n\t\t\t\t\t<h2 class=\"elementor-heading-title elementor-size-default\">Trainingszeiten und Spiele<\/h2>\t\t\t\t<\/div>\n\t\t\t\t<\/div>\n\t\t\t\t<div class=\"elementor-element elementor-element-7be421df elementor-widget__width-auto elementor-widget elementor-widget-heading\" data-id=\"7be421df\" data-element_type=\"widget\" data-e-type=\"widget\" data-widget_type=\"heading.default\">\n\t\t\t\t<div class=\"elementor-widget-container\">\n\t\t\t\t\t<h6 class=\"elementor-heading-title elementor-size-default\">Trainingszeiten<\/h6>\t\t\t\t<\/div>\n\t\t\t\t<\/div>\n\t\t\t\t<div class=\"elementor-element elementor-element-16a727ee elementor-widget elementor-widget-text-editor\" data-id=\"16a727ee\" data-element_type=\"widget\" data-e-type=\"widget\" data-widget_type=\"text-editor.default\">\n\t\t\t\t<div class=\"elementor-widget-container\">\n\t\t\t\t\t\t\t\t\t<p><strong>Mittwoch 17:30 &#8211; 19:00 Uhr<\/strong><\/p><p><strong>Freitag 17:30 &#8211; 19:00 Uhr<\/strong><\/p>\t\t\t\t\t\t\t\t<\/div>\n\t\t\t\t<\/div>\n\t\t\t\t<div class=\"elementor-element elementor-element-29c4a00c elementor-widget__width-auto elementor-widget elementor-widget-heading\" data-id=\"29c4a00c\" data-element_type=\"widget\" data-e-type=\"widget\" data-widget_type=\"heading.default\">\n\t\t\t\t<div class=\"elementor-widget-container\">\n\t\t\t\t\t<h6 class=\"elementor-heading-title elementor-size-default\">Spiele und tabelle<\/h6>\t\t\t\t<\/div>\n\t\t\t\t<\/div>\n\t\t\t\t<div class=\"elementor-element elementor-element-7c8fd1a5 elementor-widget elementor-widget-wp-widget-ifdw_fubade_widget\" data-id=\"7c8fd1a5\" data-element_type=\"widget\" data-e-type=\"widget\" data-widget_type=\"wp-widget-ifdw_fubade_widget.default\">\n\t\t\t\t<div class=\"elementor-widget-container\">\n\t\t\t\t\t\n<h5><\/h5>\n<div id=\"fubade-32-J43VQ\" class=\"include-fussball-de-widgets\">\n\t<iframe src='\/\/www.fussball.de\/widget2\/-\/schluessel\/02M2F7HPE8000000VUM1DNPDVS6J43VQ\/target\/fubade-32-J43VQ\/caller\/vfr1906kaiserslautern.de' width='900px' height='100%' scrolling='no' style='border: 1px solid #CECECE; overflow: hidden; min-height: 200px;'><\/iframe>\n<\/div>\n\n\t\t\t\t<\/div>\n\t\t\t\t<\/div>\n\t\t\t\t<div class=\"elementor-element elementor-element-37780b1b elementor-widget elementor-widget-spacer\" data-id=\"37780b1b\" data-element_type=\"widget\" data-e-type=\"widget\" data-widget_type=\"spacer.default\">\n\t\t\t\t<div class=\"elementor-widget-container\">\n\t\t\t\t\t\t\t<div class=\"elementor-spacer\">\n\t\t\t<div class=\"elementor-spacer-inner\"><\/div>\n\t\t<\/div>\n\t\t\t\t\t\t<\/div>\n\t\t\t\t<\/div>\n\t\t\t\t\t<\/div>\n\t\t<\/div>\n\t\t\t\t\t<\/div>\n\t\t<\/section>\n\t\t\t\t<section class=\"elementor-section elementor-top-section elementor-element elementor-element-2e3cecd9 elementor-section-full_width elementor-section-height-min-height elementor-section-height-default elementor-section-items-middle\" data-id=\"2e3cecd9\" data-element_type=\"section\" data-e-type=\"section\" data-settings=\"{&quot;background_background&quot;:&quot;classic&quot;}\">\n\t\t\t\t\t\t<div class=\"elementor-container elementor-column-gap-no\">\n\t\t\t\t\t<div class=\"elementor-column elementor-col-50 elementor-top-column elementor-element elementor-element-56ce153e\" data-id=\"56ce153e\" data-element_type=\"column\" data-e-type=\"column\">\n\t\t\t<div class=\"elementor-widget-wrap elementor-element-populated\">\n\t\t\t\t\t\t<section class=\"elementor-section elementor-inner-section elementor-element elementor-element-d5ca4ba elementor-section-boxed elementor-section-height-default elementor-section-height-default\" data-id=\"d5ca4ba\" data-element_type=\"section\" data-e-type=\"section\">\n\t\t\t\t\t\t<div class=\"elementor-container elementor-column-gap-no\">\n\t\t\t\t\t<div class=\"elementor-column elementor-col-100 elementor-inner-column elementor-element elementor-element-39127e58\" data-id=\"39127e58\" data-element_type=\"column\" data-e-type=\"column\">\n\t\t\t<div class=\"elementor-widget-wrap elementor-element-populated\">\n\t\t\t\t\t\t<div class=\"elementor-element elementor-element-298e9f51 elementor-widget__width-auto elementor-widget elementor-widget-heading\" data-id=\"298e9f51\" data-element_type=\"widget\" data-e-type=\"widget\" data-widget_type=\"heading.default\">\n\t\t\t\t<div class=\"elementor-widget-container\">\n\t\t\t\t\t<h6 class=\"elementor-heading-title elementor-size-default\">Bildungspartner des VfR Kaiserslautern<\/h6>\t\t\t\t<\/div>\n\t\t\t\t<\/div>\n\t\t\t\t<div class=\"elementor-element elementor-element-12d79fd9 elementor-widget elementor-widget-heading\" data-id=\"12d79fd9\" data-element_type=\"widget\" data-e-type=\"widget\" data-widget_type=\"heading.default\">\n\t\t\t\t<div class=\"elementor-widget-container\">\n\t\t\t\t\t<h5 class=\"elementor-heading-title elementor-size-default\">Die anerkannte Online-Nachhilfe Bildungseinrichtung Tutorspace<\/h5>\t\t\t\t<\/div>\n\t\t\t\t<\/div>\n\t\t\t\t<div class=\"elementor-element elementor-element-92f4918 elementor-widget elementor-widget-text-editor\" data-id=\"92f4918\" data-element_type=\"widget\" data-e-type=\"widget\" data-widget_type=\"text-editor.default\">\n\t\t\t\t<div class=\"elementor-widget-container\">\n\t\t\t\t\t\t\t\t\t<p>Liebe Mitglieder, Eltern, Kinder und Jugendliche,<\/p><p>auch wenn ihr beim Fu\u00dfball gar nicht an Schule denken m\u00f6gt, m\u00f6chten wir euch die Gelegenheit geben Online-Nachhilfe mit einem starken und hilfreichen Partner zu erleben.<\/p><p>Von jetzt an k\u00f6nnt ihr euch mit dem Rabatt-Code &#8222;Erbse&#8220; bei Tutorspace anmelden und euch 10% Rabatt sichern.<\/p><p>Tutorspace bietet euch 1 zu 1 Betreuung, ein effektives Matching von Sch\u00fclern mit Nachhilfelehrern, ortsunabh\u00e4ngigen und flexiblen Unterricht in einem virtuellen Klassenzimmer und individuelle Betreuung eurer Familie duch Bildungsberater.<\/p><p>Schaut auf ihrer Webseite vorbei und seht selbst, wie gut sie euch helfend zur Seite stehen k\u00f6nnen.\u00a0<\/p>\t\t\t\t\t\t\t\t<\/div>\n\t\t\t\t<\/div>\n\t\t\t\t<div class=\"elementor-element elementor-element-31c21044 elementor-mobile-align-justify elementor-widget elementor-widget-button\" data-id=\"31c21044\" data-element_type=\"widget\" data-e-type=\"widget\" data-widget_type=\"button.default\">\n\t\t\t\t<div class=\"elementor-widget-container\">\n\t\t\t\t\t\t\t\t\t<div class=\"elementor-button-wrapper\">\n\t\t\t\t\t<a class=\"elementor-button elementor-button-link elementor-size-sm\" href=\"https:\/\/probestunde.tutorspace.de\/code-einloesen\/\">\n\t\t\t\t\t\t<span class=\"elementor-button-content-wrapper\">\n\t\t\t\t\t\t<span class=\"elementor-button-icon\">\n\t\t\t\t<i aria-hidden=\"true\" class=\"fas fa-angle-double-right\"><\/i>\t\t\t<\/span>\n\t\t\t\t\t\t\t\t\t<span class=\"elementor-button-text\">Informiere dich jetzt<\/span>\n\t\t\t\t\t<\/span>\n\t\t\t\t\t<\/a>\n\t\t\t\t<\/div>\n\t\t\t\t\t\t\t\t<\/div>\n\t\t\t\t<\/div>\n\t\t\t\t\t<\/div>\n\t\t<\/div>\n\t\t\t\t\t<\/div>\n\t\t<\/section>\n\t\t\t\t\t<\/div>\n\t\t<\/div>\n\t\t\t\t<div class=\"elementor-column elementor-col-50 elementor-top-column elementor-element elementor-element-7e41d929\" data-id=\"7e41d929\" data-element_type=\"column\" data-e-type=\"column\" data-settings=\"{&quot;background_background&quot;:&quot;gradient&quot;}\">\n\t\t\t<div class=\"elementor-widget-wrap elementor-element-populated\">\n\t\t\t\t\t<div class=\"elementor-background-overlay\"><\/div>\n\t\t\t\t\t\t<section class=\"elementor-section elementor-inner-section elementor-element elementor-element-6f554f02 elementor-section-full_width elementor-section-height-min-height elementor-section-height-default\" data-id=\"6f554f02\" data-element_type=\"section\" data-e-type=\"section\">\n\t\t\t\t\t\t<div class=\"elementor-container elementor-column-gap-no\">\n\t\t\t\t\t<div class=\"elementor-column elementor-col-100 elementor-inner-column elementor-element elementor-element-45710d8e\" data-id=\"45710d8e\" data-element_type=\"column\" data-e-type=\"column\">\n\t\t\t<div class=\"elementor-widget-wrap elementor-element-populated\">\n\t\t\t\t\t\t<div class=\"elementor-element elementor-element-7098b53b elementor-invisible elementor-widget elementor-widget-image\" data-id=\"7098b53b\" data-element_type=\"widget\" data-e-type=\"widget\" data-settings=\"{&quot;_animation&quot;:&quot;fadeInRight&quot;}\" data-widget_type=\"image.default\">\n\t\t\t\t<div class=\"elementor-widget-container\">\n\t\t\t\t\t\t\t\t\t\t\t\t\t\t\t<img decoding=\"async\" width=\"800\" height=\"800\" src=\"https:\/\/vfr1906kaiserslautern.de\/wp-content\/uploads\/2023\/05\/klickbarer-Banner_VfR_Kaiserslautern-15-\u00d7-15-cm-2-1-1024x1024.jpg\" class=\"attachment-large size-large wp-image-434\" alt=\"\" srcset=\"https:\/\/vfr1906kaiserslautern.de\/wp-content\/uploads\/2023\/05\/klickbarer-Banner_VfR_Kaiserslautern-15-\u00d7-15-cm-2-1-1024x1024.jpg 1024w, https:\/\/vfr1906kaiserslautern.de\/wp-content\/uploads\/2023\/05\/klickbarer-Banner_VfR_Kaiserslautern-15-\u00d7-15-cm-2-1-300x300.jpg 300w, https:\/\/vfr1906kaiserslautern.de\/wp-content\/uploads\/2023\/05\/klickbarer-Banner_VfR_Kaiserslautern-15-\u00d7-15-cm-2-1-150x150.jpg 150w, https:\/\/vfr1906kaiserslautern.de\/wp-content\/uploads\/2023\/05\/klickbarer-Banner_VfR_Kaiserslautern-15-\u00d7-15-cm-2-1-768x768.jpg 768w, https:\/\/vfr1906kaiserslautern.de\/wp-content\/uploads\/2023\/05\/klickbarer-Banner_VfR_Kaiserslautern-15-\u00d7-15-cm-2-1-1536x1536.jpg 1536w, https:\/\/vfr1906kaiserslautern.de\/wp-content\/uploads\/2023\/05\/klickbarer-Banner_VfR_Kaiserslautern-15-\u00d7-15-cm-2-1.jpg 1772w\" sizes=\"(max-width: 800px) 100vw, 800px\" \/>\t\t\t\t\t\t\t\t\t\t\t\t\t\t\t<\/div>\n\t\t\t\t<\/div>\n\t\t\t\t\t<\/div>\n\t\t<\/div>\n\t\t\t\t\t<\/div>\n\t\t<\/section>\n\t\t\t\t\t<\/div>\n\t\t<\/div>\n\t\t\t\t\t<\/div>\n\t\t<\/section>\n\t\t\t\t<\/div>\n\t\t","protected":false},"excerpt":{"rendered":"<p>G-Junioren (Bambinis) ab 2018 Trainingszeiten und Spiele Trainingszeiten Mittwoch 17:30 &#8211; 19:00 Uhr Freitag 17:30 &#8211; 19:00 Uhr Spiele und tabelle Bildungspartner des VfR Kaiserslautern Die anerkannte Online-Nachhilfe Bildungseinrichtung Tutorspace Liebe Mitglieder, Eltern, Kinder und Jugendliche, auch wenn ihr beim Fu\u00dfball gar nicht an Schule denken m\u00f6gt, m\u00f6chten wir euch die Gelegenheit geben Online-Nachhilfe mit [&hellip;]<\/p>\n","protected":false},"author":1,"featured_media":0,"parent":0,"menu_order":0,"comment_status":"closed","ping_status":"closed","template":"","meta":{"advanced_seo_description":"","jetpack_seo_html_title":"","jetpack_seo_noindex":false,"footnotes":""},"class_list":["post-1211","page","type-page","status-publish","hentry"],"jetpack_sharing_enabled":true,"_links":{"self":[{"href":"https:\/\/vfr1906kaiserslautern.de\/index.php?rest_route=\/wp\/v2\/pages\/1211","targetHints":{"allow":["GET"]}}],"collection":[{"href":"https:\/\/vfr1906kaiserslautern.de\/index.php?rest_route=\/wp\/v2\/pages"}],"about":[{"href":"https:\/\/vfr1906kaiserslautern.de\/index.php?rest_route=\/wp\/v2\/types\/page"}],"author":[{"embeddable":true,"href":"https:\/\/vfr1906kaiserslautern.de\/index.php?rest_route=\/wp\/v2\/users\/1"}],"replies":[{"embeddable":true,"href":"https:\/\/vfr1906kaiserslautern.de\/index.php?rest_route=%2Fwp%2Fv2%2Fcomments&post=1211"}],"version-history":[{"count":0,"href":"https:\/\/vfr1906kaiserslautern.de\/index.php?rest_route=\/wp\/v2\/pages\/1211\/revisions"}],"wp:attachment":[{"href":"https:\/\/vfr1906kaiserslautern.de\/index.php?rest_route=%2Fwp%2Fv2%2Fmedia&parent=1211"}],"curies":[{"name":"wp","href":"https:\/\/api.w.org\/{rel}","templated":true}]}}