{"id":1216,"date":"2023-06-06T19:40:05","date_gmt":"2023-06-06T19:40:05","guid":{"rendered":"https:\/\/vfr1906kaiserslautern.de\/?page_id=1216"},"modified":"2023-06-06T19:47:20","modified_gmt":"2023-06-06T19:47:20","slug":"senioren-ue32-ue40","status":"publish","type":"page","link":"https:\/\/vfr1906kaiserslautern.de\/?page_id=1216","title":{"rendered":"Senioren \u00dc32 \/ \u00dc40"},"content":{"rendered":"\t\t<div data-elementor-type=\"wp-page\" data-elementor-id=\"1216\" class=\"elementor elementor-1216\">\n\t\t\t\t\t\t<section class=\"elementor-section elementor-top-section elementor-element elementor-element-5dc21933 elementor-section-boxed elementor-section-height-default elementor-section-height-default\" data-id=\"5dc21933\" data-element_type=\"section\" data-e-type=\"section\" data-settings=\"{&quot;background_background&quot;:&quot;gradient&quot;}\">\n\t\t\t\t\t\t\t<div class=\"elementor-background-overlay\"><\/div>\n\t\t\t\t\t\t\t<div class=\"elementor-container elementor-column-gap-no\">\n\t\t\t\t\t<div class=\"elementor-column elementor-col-100 elementor-top-column elementor-element elementor-element-7396cabf\" data-id=\"7396cabf\" data-element_type=\"column\" data-e-type=\"column\">\n\t\t\t<div class=\"elementor-widget-wrap elementor-element-populated\">\n\t\t\t\t\t\t<section class=\"elementor-section elementor-inner-section elementor-element elementor-element-562a0130 elementor-section-boxed elementor-section-height-default elementor-section-height-default\" data-id=\"562a0130\" data-element_type=\"section\" data-e-type=\"section\">\n\t\t\t\t\t\t<div class=\"elementor-container elementor-column-gap-no\">\n\t\t\t\t\t<div class=\"elementor-column elementor-col-100 elementor-inner-column elementor-element elementor-element-3f327fb4\" data-id=\"3f327fb4\" data-element_type=\"column\" data-e-type=\"column\">\n\t\t\t<div class=\"elementor-widget-wrap elementor-element-populated\">\n\t\t\t\t\t\t<div class=\"elementor-element elementor-element-521c5577 elementor-invisible elementor-widget elementor-widget-heading\" data-id=\"521c5577\" data-element_type=\"widget\" data-e-type=\"widget\" data-settings=\"{&quot;_animation&quot;:&quot;slideInLeft&quot;,&quot;_animation_delay&quot;:&quot;100&quot;}\" data-widget_type=\"heading.default\">\n\t\t\t\t<div class=\"elementor-widget-container\">\n\t\t\t\t\t<h1 class=\"elementor-heading-title elementor-size-default\">Senioren \u00dc32\/\u00dc40<\/h1>\t\t\t\t<\/div>\n\t\t\t\t<\/div>\n\t\t\t\t\t<\/div>\n\t\t<\/div>\n\t\t\t\t\t<\/div>\n\t\t<\/section>\n\t\t\t\t\t<\/div>\n\t\t<\/div>\n\t\t\t\t\t<\/div>\n\t\t<\/section>\n\t\t\t\t<section class=\"elementor-section elementor-top-section elementor-element elementor-element-2bd659ec elementor-section-boxed elementor-section-height-default elementor-section-height-default\" data-id=\"2bd659ec\" data-element_type=\"section\" data-e-type=\"section\">\n\t\t\t\t\t\t<div class=\"elementor-container elementor-column-gap-default\">\n\t\t\t\t\t<div class=\"elementor-column elementor-col-100 elementor-top-column elementor-element elementor-element-74661938\" data-id=\"74661938\" data-element_type=\"column\" data-e-type=\"column\">\n\t\t\t<div class=\"elementor-widget-wrap elementor-element-populated\">\n\t\t\t\t\t\t<div class=\"elementor-element elementor-element-1e3ef014 elementor-widget elementor-widget-spacer\" data-id=\"1e3ef014\" data-element_type=\"widget\" data-e-type=\"widget\" data-widget_type=\"spacer.default\">\n\t\t\t\t<div class=\"elementor-widget-container\">\n\t\t\t\t\t\t\t<div class=\"elementor-spacer\">\n\t\t\t<div class=\"elementor-spacer-inner\"><\/div>\n\t\t<\/div>\n\t\t\t\t\t\t<\/div>\n\t\t\t\t<\/div>\n\t\t\t\t<div class=\"elementor-element elementor-element-a5b8d97 elementor-widget elementor-widget-image\" data-id=\"a5b8d97\" data-element_type=\"widget\" data-e-type=\"widget\" data-widget_type=\"image.default\">\n\t\t\t\t<div class=\"elementor-widget-container\">\n\t\t\t\t\t\t\t\t\t\t\t\t\t\t\t<img fetchpriority=\"high\" decoding=\"async\" width=\"800\" height=\"600\" src=\"https:\/\/vfr1906kaiserslautern.de\/wp-content\/uploads\/2023\/06\/IMG_0099-1024x768.jpg\" class=\"attachment-large size-large wp-image-1230\" alt=\"\" srcset=\"https:\/\/vfr1906kaiserslautern.de\/wp-content\/uploads\/2023\/06\/IMG_0099-1024x768.jpg 1024w, https:\/\/vfr1906kaiserslautern.de\/wp-content\/uploads\/2023\/06\/IMG_0099-300x225.jpg 300w, https:\/\/vfr1906kaiserslautern.de\/wp-content\/uploads\/2023\/06\/IMG_0099-768x576.jpg 768w, https:\/\/vfr1906kaiserslautern.de\/wp-content\/uploads\/2023\/06\/IMG_0099-1536x1152.jpg 1536w, https:\/\/vfr1906kaiserslautern.de\/wp-content\/uploads\/2023\/06\/IMG_0099-2048x1536.jpg 2048w\" sizes=\"(max-width: 800px) 100vw, 800px\" \/>\t\t\t\t\t\t\t\t\t\t\t\t\t\t\t<\/div>\n\t\t\t\t<\/div>\n\t\t\t\t<div class=\"elementor-element elementor-element-6528bc4 elementor-widget elementor-widget-heading\" data-id=\"6528bc4\" data-element_type=\"widget\" data-e-type=\"widget\" data-widget_type=\"heading.default\">\n\t\t\t\t<div class=\"elementor-widget-container\">\n\t\t\t\t\t<h2 class=\"elementor-heading-title elementor-size-default\">Trainingszeiten und Spiele<\/h2>\t\t\t\t<\/div>\n\t\t\t\t<\/div>\n\t\t\t\t<div class=\"elementor-element elementor-element-2877824c elementor-widget__width-auto elementor-widget elementor-widget-heading\" data-id=\"2877824c\" data-element_type=\"widget\" data-e-type=\"widget\" data-widget_type=\"heading.default\">\n\t\t\t\t<div class=\"elementor-widget-container\">\n\t\t\t\t\t<h6 class=\"elementor-heading-title elementor-size-default\">Trainingszeiten<\/h6>\t\t\t\t<\/div>\n\t\t\t\t<\/div>\n\t\t\t\t<div class=\"elementor-element elementor-element-1d29307b elementor-widget elementor-widget-text-editor\" data-id=\"1d29307b\" data-element_type=\"widget\" data-e-type=\"widget\" data-widget_type=\"text-editor.default\">\n\t\t\t\t<div class=\"elementor-widget-container\">\n\t\t\t\t\t\t\t\t\t<p><strong>Mittwoch 19:00 &#8211; 20:30 Uhr<\/strong><\/p><p>\u00a0<\/p>\t\t\t\t\t\t\t\t<\/div>\n\t\t\t\t<\/div>\n\t\t\t\t<div class=\"elementor-element elementor-element-1033a49c elementor-widget__width-auto elementor-widget elementor-widget-heading\" data-id=\"1033a49c\" data-element_type=\"widget\" data-e-type=\"widget\" data-widget_type=\"heading.default\">\n\t\t\t\t<div class=\"elementor-widget-container\">\n\t\t\t\t\t<h6 class=\"elementor-heading-title elementor-size-default\">Spiele und tabelle<\/h6>\t\t\t\t<\/div>\n\t\t\t\t<\/div>\n\t\t\t\t<div class=\"elementor-element elementor-element-3ac979d1 elementor-widget elementor-widget-wp-widget-ifdw_fubade_widget\" data-id=\"3ac979d1\" data-element_type=\"widget\" data-e-type=\"widget\" data-widget_type=\"wp-widget-ifdw_fubade_widget.default\">\n\t\t\t\t<div class=\"elementor-widget-container\">\n\t\t\t\t\t\n<h5><\/h5>\n<div id=\"fubade-96-O78S6\" class=\"include-fussball-de-widgets\">\n\t<iframe src='\/\/www.fussball.de\/widget2\/-\/schluessel\/02M2F8BAF4000000VUM1DNOBVV9O78S6\/target\/fubade-96-O78S6\/caller\/vfr1906kaiserslautern.de' width='900px' height='100%' scrolling='no' style='border: 1px solid #CECECE; overflow: hidden; min-height: 200px;'><\/iframe>\n<\/div>\n\n\t\t\t\t<\/div>\n\t\t\t\t<\/div>\n\t\t\t\t<div class=\"elementor-element elementor-element-2a35b06 elementor-widget elementor-widget-wp-widget-ifdw_fubade_widget\" data-id=\"2a35b06\" data-element_type=\"widget\" data-e-type=\"widget\" data-widget_type=\"wp-widget-ifdw_fubade_widget.default\">\n\t\t\t\t<div class=\"elementor-widget-container\">\n\t\t\t\t\t\n<h5><\/h5>\n<div id=\"fubade-64-BAUEC\" class=\"include-fussball-de-widgets\">\n\t<iframe src='\/\/www.fussball.de\/widget2\/-\/schluessel\/02M2F8L4AC000000VUM1DNPIVV7BAUEC\/target\/fubade-64-BAUEC\/caller\/vfr1906kaiserslautern.de' width='900px' height='100%' scrolling='no' style='border: 1px solid #CECECE; overflow: hidden; min-height: 200px;'><\/iframe>\n<\/div>\n\n\t\t\t\t<\/div>\n\t\t\t\t<\/div>\n\t\t\t\t<div class=\"elementor-element elementor-element-4bf0cbd6 elementor-widget elementor-widget-spacer\" data-id=\"4bf0cbd6\" data-element_type=\"widget\" data-e-type=\"widget\" data-widget_type=\"spacer.default\">\n\t\t\t\t<div class=\"elementor-widget-container\">\n\t\t\t\t\t\t\t<div class=\"elementor-spacer\">\n\t\t\t<div class=\"elementor-spacer-inner\"><\/div>\n\t\t<\/div>\n\t\t\t\t\t\t<\/div>\n\t\t\t\t<\/div>\n\t\t\t\t\t<\/div>\n\t\t<\/div>\n\t\t\t\t\t<\/div>\n\t\t<\/section>\n\t\t\t\t<section class=\"elementor-section elementor-top-section elementor-element elementor-element-23310190 elementor-section-full_width elementor-section-height-min-height elementor-section-height-default elementor-section-items-middle\" data-id=\"23310190\" data-element_type=\"section\" data-e-type=\"section\" data-settings=\"{&quot;background_background&quot;:&quot;classic&quot;}\">\n\t\t\t\t\t\t<div class=\"elementor-container elementor-column-gap-no\">\n\t\t\t\t\t<div class=\"elementor-column elementor-col-50 elementor-top-column elementor-element elementor-element-c920db8\" data-id=\"c920db8\" data-element_type=\"column\" data-e-type=\"column\">\n\t\t\t<div class=\"elementor-widget-wrap elementor-element-populated\">\n\t\t\t\t\t\t<section class=\"elementor-section elementor-inner-section elementor-element elementor-element-6b2cf299 elementor-section-boxed elementor-section-height-default elementor-section-height-default\" data-id=\"6b2cf299\" data-element_type=\"section\" data-e-type=\"section\">\n\t\t\t\t\t\t<div class=\"elementor-container elementor-column-gap-no\">\n\t\t\t\t\t<div class=\"elementor-column elementor-col-100 elementor-inner-column elementor-element elementor-element-463cd57\" data-id=\"463cd57\" data-element_type=\"column\" data-e-type=\"column\">\n\t\t\t<div class=\"elementor-widget-wrap elementor-element-populated\">\n\t\t\t\t\t\t<div class=\"elementor-element elementor-element-3e3a0fbe elementor-widget__width-auto elementor-widget elementor-widget-heading\" data-id=\"3e3a0fbe\" data-element_type=\"widget\" data-e-type=\"widget\" data-widget_type=\"heading.default\">\n\t\t\t\t<div class=\"elementor-widget-container\">\n\t\t\t\t\t<h6 class=\"elementor-heading-title elementor-size-default\">Bildungspartner des VfR Kaiserslautern<\/h6>\t\t\t\t<\/div>\n\t\t\t\t<\/div>\n\t\t\t\t<div class=\"elementor-element elementor-element-216adc46 elementor-widget elementor-widget-heading\" data-id=\"216adc46\" data-element_type=\"widget\" data-e-type=\"widget\" data-widget_type=\"heading.default\">\n\t\t\t\t<div class=\"elementor-widget-container\">\n\t\t\t\t\t<h5 class=\"elementor-heading-title elementor-size-default\">Die anerkannte Online-Nachhilfe Bildungseinrichtung Tutorspace<\/h5>\t\t\t\t<\/div>\n\t\t\t\t<\/div>\n\t\t\t\t<div class=\"elementor-element elementor-element-6bf63192 elementor-widget elementor-widget-text-editor\" data-id=\"6bf63192\" data-element_type=\"widget\" data-e-type=\"widget\" data-widget_type=\"text-editor.default\">\n\t\t\t\t<div class=\"elementor-widget-container\">\n\t\t\t\t\t\t\t\t\t<p>Liebe Mitglieder, Eltern, Kinder und Jugendliche,<\/p><p>auch wenn ihr beim Fu\u00dfball gar nicht an Schule denken m\u00f6gt, m\u00f6chten wir euch die Gelegenheit geben Online-Nachhilfe mit einem starken und hilfreichen Partner zu erleben.<\/p><p>Von jetzt an k\u00f6nnt ihr euch mit dem Rabatt-Code &#8222;Erbse&#8220; bei Tutorspace anmelden und euch 10% Rabatt sichern.<\/p><p>Tutorspace bietet euch 1 zu 1 Betreuung, ein effektives Matching von Sch\u00fclern mit Nachhilfelehrern, ortsunabh\u00e4ngigen und flexiblen Unterricht in einem virtuellen Klassenzimmer und individuelle Betreuung eurer Familie duch Bildungsberater.<\/p><p>Schaut auf ihrer Webseite vorbei und seht selbst, wie gut sie euch helfend zur Seite stehen k\u00f6nnen.\u00a0<\/p>\t\t\t\t\t\t\t\t<\/div>\n\t\t\t\t<\/div>\n\t\t\t\t<div class=\"elementor-element elementor-element-7573ac85 elementor-mobile-align-justify elementor-widget elementor-widget-button\" data-id=\"7573ac85\" data-element_type=\"widget\" data-e-type=\"widget\" data-widget_type=\"button.default\">\n\t\t\t\t<div class=\"elementor-widget-container\">\n\t\t\t\t\t\t\t\t\t<div class=\"elementor-button-wrapper\">\n\t\t\t\t\t<a class=\"elementor-button elementor-button-link elementor-size-sm\" href=\"https:\/\/probestunde.tutorspace.de\/code-einloesen\/\">\n\t\t\t\t\t\t<span class=\"elementor-button-content-wrapper\">\n\t\t\t\t\t\t<span class=\"elementor-button-icon\">\n\t\t\t\t<i aria-hidden=\"true\" class=\"fas fa-angle-double-right\"><\/i>\t\t\t<\/span>\n\t\t\t\t\t\t\t\t\t<span class=\"elementor-button-text\">Informiere dich jetzt<\/span>\n\t\t\t\t\t<\/span>\n\t\t\t\t\t<\/a>\n\t\t\t\t<\/div>\n\t\t\t\t\t\t\t\t<\/div>\n\t\t\t\t<\/div>\n\t\t\t\t\t<\/div>\n\t\t<\/div>\n\t\t\t\t\t<\/div>\n\t\t<\/section>\n\t\t\t\t\t<\/div>\n\t\t<\/div>\n\t\t\t\t<div class=\"elementor-column elementor-col-50 elementor-top-column elementor-element elementor-element-4d346d9b\" data-id=\"4d346d9b\" data-element_type=\"column\" data-e-type=\"column\" data-settings=\"{&quot;background_background&quot;:&quot;gradient&quot;}\">\n\t\t\t<div class=\"elementor-widget-wrap elementor-element-populated\">\n\t\t\t\t\t<div class=\"elementor-background-overlay\"><\/div>\n\t\t\t\t\t\t<section class=\"elementor-section elementor-inner-section elementor-element elementor-element-7f449328 elementor-section-full_width elementor-section-height-min-height elementor-section-height-default\" data-id=\"7f449328\" data-element_type=\"section\" data-e-type=\"section\">\n\t\t\t\t\t\t<div class=\"elementor-container elementor-column-gap-no\">\n\t\t\t\t\t<div class=\"elementor-column elementor-col-100 elementor-inner-column elementor-element elementor-element-361f6f1e\" data-id=\"361f6f1e\" data-element_type=\"column\" data-e-type=\"column\">\n\t\t\t<div class=\"elementor-widget-wrap elementor-element-populated\">\n\t\t\t\t\t\t<div class=\"elementor-element elementor-element-6c35bcd elementor-invisible elementor-widget elementor-widget-image\" data-id=\"6c35bcd\" data-element_type=\"widget\" data-e-type=\"widget\" data-settings=\"{&quot;_animation&quot;:&quot;fadeInRight&quot;}\" data-widget_type=\"image.default\">\n\t\t\t\t<div class=\"elementor-widget-container\">\n\t\t\t\t\t\t\t\t\t\t\t\t\t\t\t<img decoding=\"async\" width=\"800\" height=\"800\" src=\"https:\/\/vfr1906kaiserslautern.de\/wp-content\/uploads\/2023\/05\/klickbarer-Banner_VfR_Kaiserslautern-15-\u00d7-15-cm-2-1-1024x1024.jpg\" class=\"attachment-large size-large wp-image-434\" alt=\"\" srcset=\"https:\/\/vfr1906kaiserslautern.de\/wp-content\/uploads\/2023\/05\/klickbarer-Banner_VfR_Kaiserslautern-15-\u00d7-15-cm-2-1-1024x1024.jpg 1024w, https:\/\/vfr1906kaiserslautern.de\/wp-content\/uploads\/2023\/05\/klickbarer-Banner_VfR_Kaiserslautern-15-\u00d7-15-cm-2-1-300x300.jpg 300w, https:\/\/vfr1906kaiserslautern.de\/wp-content\/uploads\/2023\/05\/klickbarer-Banner_VfR_Kaiserslautern-15-\u00d7-15-cm-2-1-150x150.jpg 150w, https:\/\/vfr1906kaiserslautern.de\/wp-content\/uploads\/2023\/05\/klickbarer-Banner_VfR_Kaiserslautern-15-\u00d7-15-cm-2-1-768x768.jpg 768w, https:\/\/vfr1906kaiserslautern.de\/wp-content\/uploads\/2023\/05\/klickbarer-Banner_VfR_Kaiserslautern-15-\u00d7-15-cm-2-1-1536x1536.jpg 1536w, https:\/\/vfr1906kaiserslautern.de\/wp-content\/uploads\/2023\/05\/klickbarer-Banner_VfR_Kaiserslautern-15-\u00d7-15-cm-2-1.jpg 1772w\" sizes=\"(max-width: 800px) 100vw, 800px\" \/>\t\t\t\t\t\t\t\t\t\t\t\t\t\t\t<\/div>\n\t\t\t\t<\/div>\n\t\t\t\t\t<\/div>\n\t\t<\/div>\n\t\t\t\t\t<\/div>\n\t\t<\/section>\n\t\t\t\t\t<\/div>\n\t\t<\/div>\n\t\t\t\t\t<\/div>\n\t\t<\/section>\n\t\t\t\t<\/div>\n\t\t","protected":false},"excerpt":{"rendered":"<p>Senioren \u00dc32\/\u00dc40 Trainingszeiten und Spiele Trainingszeiten Mittwoch 19:00 &#8211; 20:30 Uhr \u00a0 Spiele und tabelle Bildungspartner des VfR Kaiserslautern Die anerkannte Online-Nachhilfe Bildungseinrichtung Tutorspace Liebe Mitglieder, Eltern, Kinder und Jugendliche, auch wenn ihr beim Fu\u00dfball gar nicht an Schule denken m\u00f6gt, m\u00f6chten wir euch die Gelegenheit geben Online-Nachhilfe mit einem starken und hilfreichen Partner zu [&hellip;]<\/p>\n","protected":false},"author":1,"featured_media":0,"parent":0,"menu_order":0,"comment_status":"closed","ping_status":"closed","template":"","meta":{"advanced_seo_description":"","jetpack_seo_html_title":"","jetpack_seo_noindex":false,"footnotes":""},"class_list":["post-1216","page","type-page","status-publish","hentry"],"jetpack_sharing_enabled":true,"_links":{"self":[{"href":"https:\/\/vfr1906kaiserslautern.de\/index.php?rest_route=\/wp\/v2\/pages\/1216","targetHints":{"allow":["GET"]}}],"collection":[{"href":"https:\/\/vfr1906kaiserslautern.de\/index.php?rest_route=\/wp\/v2\/pages"}],"about":[{"href":"https:\/\/vfr1906kaiserslautern.de\/index.php?rest_route=\/wp\/v2\/types\/page"}],"author":[{"embeddable":true,"href":"https:\/\/vfr1906kaiserslautern.de\/index.php?rest_route=\/wp\/v2\/users\/1"}],"replies":[{"embeddable":true,"href":"https:\/\/vfr1906kaiserslautern.de\/index.php?rest_route=%2Fwp%2Fv2%2Fcomments&post=1216"}],"version-history":[{"count":0,"href":"https:\/\/vfr1906kaiserslautern.de\/index.php?rest_route=\/wp\/v2\/pages\/1216\/revisions"}],"wp:attachment":[{"href":"https:\/\/vfr1906kaiserslautern.de\/index.php?rest_route=%2Fwp%2Fv2%2Fmedia&parent=1216"}],"curies":[{"name":"wp","href":"https:\/\/api.w.org\/{rel}","templated":true}]}}